{"id":1211,"date":"2025-01-13T11:37:04","date_gmt":"2025-01-13T10:37:04","guid":{"rendered":"https:\/\/rieger-rennsport.de\/?post_type=product&#038;p=1211"},"modified":"2025-01-14T15:40:45","modified_gmt":"2025-01-14T14:40:45","slug":"hsr-reifenwaermer","status":"publish","type":"product","link":"https:\/\/rieger-rennsport.de\/en\/product\/hsr-reifenwaermer\/","title":{"rendered":"HSR tyre warmer"},"content":{"rendered":"<p><strong>Handcrafted perfection - Made in Germany<\/strong><\/p>\n<p>The\u00a0<strong>HSR Tyre Warmer Radial Digital<\/strong>\u00a0stand for the highest quality and precision. Handmade in Germany, they impress with the excellent workmanship of the seams and materials. From the robust construction to the smallest details - these tyre warmers are designed for demanding racers and enthusiasts who don't want to compromise.<\/p>\n<p><strong>High-quality materials for maximum performance<\/strong><\/p>\n<ul>\n<li><strong>Nomex fabric<\/strong>\u00a0inside the front and rear tyres ensures even heat distribution and maximum safety.<\/li>\n<li>The outer edge is finished with a practical\u00a0<strong>Elasticated band<\/strong>\u00a0which guarantees a perfect fit on the tyre.<\/li>\n<li>The\u00a0<strong>Heating wire<\/strong>\u00a0is equipped with high-quality\u00a0<strong>Silicone<\/strong>\u00a0or\u00a0<strong>Teflon<\/strong>\u00a0which ensures a long service life and reliable performance.<\/li>\n<\/ul>\n<p><strong>Precise temperature control for optimum performance<\/strong><\/p>\n<ul>\n<li>You can use the digital control unit to\u00a0<strong>Temperature infinitely variable up to 110\u00b0C<\/strong>\u00a0and monitor them.<\/li>\n<li>Thanks to the\u00a0<strong>transverse heating wire<\/strong>\u00a0the heat is distributed evenly over the entire tyre.<\/li>\n<\/ul>\n<p><strong>Why HSR tyre warmers?<\/strong><br \/>\nWith the HSR Radial Digital tyre warmers, you can be sure of the best in technology and workmanship: perfect heat distribution, precise control and durable materials that can withstand the stresses and strains of racing. Whether you're training or racing, these tyre warmers ensure that your tyres are always at the optimum temperature for maximum performance.<\/p>\n<p>Make no compromises - focus on quality and precision\u00a0<strong>Handmade in Germany<\/strong>!<\/p>","protected":false},"excerpt":{"rendered":"<p>Mit den HSR Reifenw\u00e4rmern Radial Digital sicherst du dir das Beste an Technologie und Verarbeitung: perfekte W\u00e4rmeverteilung, pr\u00e4zise Steuerung und langlebige Materialien, die den Belastungen des Rennsports standhalten.<\/p>","protected":false},"featured_media":1214,"template":"","meta":{"_acf_changed":false},"product_brand":[],"product_cat":[24],"product_tag":[],"class_list":{"0":"post-1211","1":"product","2":"type-product","3":"status-publish","4":"has-post-thumbnail","6":"product_cat-zubehoer","8":"first","9":"instock","10":"taxable","11":"shipping-taxable","12":"purchasable","13":"product-type-variable","14":"rtwpvg-product"},"acf":[],"_links":{"self":[{"href":"https:\/\/rieger-rennsport.de\/en\/wp-json\/wp\/v2\/product\/1211","targetHints":{"allow":["GET"]}}],"collection":[{"href":"https:\/\/rieger-rennsport.de\/en\/wp-json\/wp\/v2\/product"}],"about":[{"href":"https:\/\/rieger-rennsport.de\/en\/wp-json\/wp\/v2\/types\/product"}],"wp:featuredmedia":[{"embeddable":true,"href":"https:\/\/rieger-rennsport.de\/en\/wp-json\/wp\/v2\/media\/1214"}],"wp:attachment":[{"href":"https:\/\/rieger-rennsport.de\/en\/wp-json\/wp\/v2\/media?parent=1211"}],"wp:term":[{"taxonomy":"product_brand","embeddable":true,"href":"https:\/\/rieger-rennsport.de\/en\/wp-json\/wp\/v2\/product_brand?post=1211"},{"taxonomy":"product_cat","embeddable":true,"href":"https:\/\/rieger-rennsport.de\/en\/wp-json\/wp\/v2\/product_cat?post=1211"},{"taxonomy":"product_tag","embeddable":true,"href":"https:\/\/rieger-rennsport.de\/en\/wp-json\/wp\/v2\/product_tag?post=1211"}],"curies":[{"name":"wp","href":"https:\/\/api.w.org\/{rel}","templated":true}]}}