{"id":90,"date":"2024-02-25T22:29:11","date_gmt":"2024-02-25T21:29:11","guid":{"rendered":"https:\/\/new.rieger-rennsport.de\/?post_type=product&#038;p=90"},"modified":"2026-03-03T10:36:59","modified_gmt":"2026-03-03T09:36:59","slug":"kombitrockner","status":"publish","type":"product","link":"https:\/\/rieger-rennsport.de\/en\/product\/kombitrockner\/","title":{"rendered":"Combi dryer"},"content":{"rendered":"<p>Leather and textile combination dryer with warm\/cold function<\/p>\n<p>The combi dryer was developed to dry motorcyclists' leather suits and car drivers' textile suits quickly using heat, to warm them up in cooler temperatures and to make them easier to put on thanks to the more supple leather.<br \/>\nThe appliance works via an EU plug with 220\/230 volts.<\/p>\n<p>The combi dryer therefore offers three functions: It dries, heats and cools. The upper part is made of plastic and the hanger is made of sturdy metal, making it extremely durable and lightweight at the same time. It was developed to noticeably improve comfort for the rider, regardless of the climatic conditions and the number of daily uses.<\/p>\n<p><strong>Further technical data<\/strong><\/p>\n<ul>\n<li><strong>Volume flow<\/strong>290 m3\/h or 5000 l\/min<\/li>\n<li>Max.\u00a0<strong>Speed<\/strong>: 2.800 rpm<\/li>\n<li><strong>Flow direction<\/strong>: 360\u00ba<\/li>\n<li><strong>Optimised safe heating element performance<\/strong>: 220 V - 640 W,<br \/>\nPower peaks of up to 1000 W possible<\/li>\n<li><strong>UL-certified dual thermostat<\/strong>Redundant temperature-controlled switches at 32 \u00b0C<\/li>\n<li><strong>Socket outlet adapter<\/strong>220 V for EU, USA, GB, CH and AU<\/li>\n<\/ul>","protected":false},"excerpt":{"rendered":"<p>Leder- und Textilkombitrockner mit warm- \/Kaltfunktion Der Kombitrockner wurde entwickelt, um die Lederkombis von Motorradfahrern und Textilkombis von Autofahrern schnell durch W\u00e4rme zu trocknen, bei k\u00fchleren Temperaturen zu erw\u00e4rmen und das Anziehen durch das geschmeidigere Leder zu erleichtern. Das Ger\u00e4t funktioniert \u00fcber einen EU-Anschlussstecker mit 220\/230 Volt. Der Kombitrockner bietet daher drei Funktionen: Er trocknet, [&hellip;]<\/p>\n","protected":false},"featured_media":129,"template":"","meta":{"_acf_changed":false},"product_brand":[],"product_cat":[24],"product_tag":[],"class_list":{"0":"post-90","1":"product","2":"type-product","3":"status-publish","4":"has-post-thumbnail","6":"product_cat-zubehoer","8":"first","9":"instock","10":"taxable","11":"shipping-taxable","12":"purchasable","13":"product-type-simple"},"acf":[],"_links":{"self":[{"href":"https:\/\/rieger-rennsport.de\/en\/wp-json\/wp\/v2\/product\/90","targetHints":{"allow":["GET"]}}],"collection":[{"href":"https:\/\/rieger-rennsport.de\/en\/wp-json\/wp\/v2\/product"}],"about":[{"href":"https:\/\/rieger-rennsport.de\/en\/wp-json\/wp\/v2\/types\/product"}],"wp:featuredmedia":[{"embeddable":true,"href":"https:\/\/rieger-rennsport.de\/en\/wp-json\/wp\/v2\/media\/129"}],"wp:attachment":[{"href":"https:\/\/rieger-rennsport.de\/en\/wp-json\/wp\/v2\/media?parent=90"}],"wp:term":[{"taxonomy":"product_brand","embeddable":true,"href":"https:\/\/rieger-rennsport.de\/en\/wp-json\/wp\/v2\/product_brand?post=90"},{"taxonomy":"product_cat","embeddable":true,"href":"https:\/\/rieger-rennsport.de\/en\/wp-json\/wp\/v2\/product_cat?post=90"},{"taxonomy":"product_tag","embeddable":true,"href":"https:\/\/rieger-rennsport.de\/en\/wp-json\/wp\/v2\/product_tag?post=90"}],"curies":[{"name":"wp","href":"https:\/\/api.w.org\/{rel}","templated":true}]}}