{"id":144,"date":"2024-02-25T22:36:56","date_gmt":"2024-02-25T21:36:56","guid":{"rendered":"https:\/\/new.rieger-rennsport.de\/widerrufsbelehrung\/"},"modified":"2024-07-04T11:33:46","modified_gmt":"2024-07-04T09:33:46","slug":"widerrufsbelehrung","status":"publish","type":"page","link":"https:\/\/rieger-rennsport.de\/es\/widerrufsbelehrung\/","title":{"rendered":"Pol\u00edtica de anulaci\u00f3n"},"content":{"rendered":"<p>Los siguientes t\u00e9rminos y condiciones se aplican exclusivamente a todas nuestras ofertas, ventas y entregas con efecto inmediato, incluso si no se hace referencia a ellos en casos individuales. Al realizar un pedido, el comprador acepta los t\u00e9rminos y condiciones. Los acuerdos divergentes no son v\u00e1lidos. Adem\u00e1s, se aplicar\u00e1n las condiciones de la \u00faltima versi\u00f3n del C\u00f3digo Civil alem\u00e1n (BGB).<br>Pedidos y env\u00edos<br>El env\u00edo se realiza a la mejor discreci\u00f3n del vendedor, pero sin garant\u00eda para el transporte m\u00e1s barato. Da\u00f1os de transporte y mercanc\u00edas defectuosas de las entregas deben ser reportados a nosotros y el servicio de paqueter\u00eda de inmediato, pero a m\u00e1s tardar dentro de 1 semana despu\u00e9s de la recepci\u00f3n de la mercanc\u00eda. Los faltantes directamente a nosotros. Los clientes que se nieguen a aceptar la mercanc\u00eda pedida o no la recojan en la oficina de correos correr\u00e1n con los gastos de tramitaci\u00f3n del env\u00edo y reposici\u00f3n de existencias.<br><\/p>\n\n\n\n<p>Informaci\u00f3n sobre el derecho de cancelaci\u00f3n e instrucciones:<\/p>\n\n\n\n<p>Derecho de anulaci\u00f3n<\/p>\n\n\n\n<p>Puede anular su declaraci\u00f3n contractual en un plazo de 14 d\u00edas sin indicar los motivos por escrito (por ejemplo, carta, fax, correo electr\u00f3nico) o -si la mercanc\u00eda le ha sido entregada antes del plazo- devolviendo la mercanc\u00eda. El plazo comienza tras la recepci\u00f3n de esta instrucci\u00f3n en forma de texto, pero no antes de la recepci\u00f3n de la mercanc\u00eda por parte del destinatario (en el caso de entregas peri\u00f3dicas de mercanc\u00edas similares, no antes de la recepci\u00f3n de la primera entrega parcial) y tampoco antes del cumplimiento de nuestras obligaciones de informaci\u00f3n de conformidad con el art\u00edculo 246, apartado 2, en relaci\u00f3n con el art\u00edculo 1, apartados 1 y 2, del C\u00f3digo Civil alem\u00e1n (EGBGB) y de nuestras obligaciones de conformidad con el art\u00edculo 312e, apartado 1, frase 1, del C\u00f3digo Civil alem\u00e1n (BGB), en relaci\u00f3n con el art\u00edculo 246, apartado 3, del C\u00f3digo Civil alem\u00e1n (EGBGB). El env\u00edo puntual de la revocaci\u00f3n o de la mercanc\u00eda es suficiente para cumplir el plazo de revocaci\u00f3n. La anulaci\u00f3n debe enviarse a<\/p>\n\n\n\n<p>Carreras Rieger<br>Propietario: Joshua Rieger<br>Holter Kreuz 49, 41069 M\u00f6nchengladbach<br>Tel\u00e9fono: 28611705 28611705<br>Correo electr\u00f3nico : support@rieger-rennsport.de<\/p>\n\n\n\n<p>Consecuencias de la anulaci\u00f3n<br>En caso de cancelaci\u00f3n efectiva, ambas partes deber\u00e1n devolver los servicios recibidos y renunciar a cualquier beneficio derivado (por ejemplo, intereses). Si no puede devolver los bienes recibidos en su totalidad o en parte, o s\u00f3lo en un estado deteriorado, es posible que tenga que compensarnos por su valor. Esto no se aplica a la entrega de mercanc\u00edas si el deterioro de las mismas se debe exclusivamente a su inspecci\u00f3n, como le habr\u00eda sido posible en una tienda, por ejemplo. Adem\u00e1s, puede evitar la obligaci\u00f3n de pagar una indemnizaci\u00f3n por un deterioro causado por el uso previsto del art\u00edculo si<br>no utilizar el art\u00edculo como si fuera de su propiedad y abstenerse de hacer cualquier cosa que pueda menoscabar su valor. Las mercanc\u00edas que puedan enviarse por paquete postal se devolver\u00e1n por nuestra cuenta y riesgo. Usted deber\u00e1 correr con los gastos de devoluci\u00f3n si la mercanc\u00eda entregada se corresponde con la solicitada y si el precio de la mercanc\u00eda a devolver no supera los 40 euros o, si el precio de la mercanc\u00eda es superior, si en el momento de la rescisi\u00f3n a\u00fan no ha abonado la contraprestaci\u00f3n o un plazo acordado contractualmente. En caso contrario, el env\u00edo de devoluci\u00f3n ser\u00e1 gratuito para usted. Los art\u00edculos que no puedan enviarse por paquete postal le ser\u00e1n recogidos. Obligaciones de devoluci\u00f3n de pagos<br>debe cumplirse en un plazo de 30 d\u00edas. El plazo comienza para usted con el env\u00edo de su anulaci\u00f3n o de la mercanc\u00eda, para nosotros con su recepci\u00f3n.<\/p>\n\n\n\n<p>Precios y pagos<br>Los precios de nuestra p\u00e1gina web son precios franco almac\u00e9n en euros, IVA incluido, m\u00e1s gastos de env\u00edo. Los precios est\u00e1n sujetos a cambios sin previo aviso. El embalaje se cobra a precio de coste. Salvo que se haya acordado otra forma de pago por escrito, el importe de la factura se cobrar\u00e1 sin deducci\u00f3n alguna en el momento de la entrega contra reembolso o por adelantado mediante pago anticipado. En cualquier caso, todas las mercanc\u00edas seguir\u00e1n siendo propiedad del vendedor hasta que se haya efectuado el pago completo.<\/p>\n\n\n\n<p>Datos t\u00e9cnicos y naturaleza de las mercanc\u00edas<br>Quedan reservadas peque\u00f1as diferencias de forma, color y funcionamiento. Las descripciones e ilustraciones son s\u00f3lo aproximadas. Pueden introducirse cambios o mejoras en inter\u00e9s del progreso t\u00e9cnico sin previo aviso.<br>Los da\u00f1os causados por piezas defectuosas suministradas y los tiempos de mano de obra externa no pueden compensarse.<\/p>\n\n\n\n<p>Garant\u00eda<br>No nos hacemos responsables del montaje incorrecto, intencionado, negligencia grave o influencia externa de la mercanc\u00eda suministrada. La responsabilidad por da\u00f1os se limita a los da\u00f1os t\u00edpicos y previsibles. No asumimos ninguna responsabilidad por da\u00f1os consecuenciales. Las reclamaciones por defectos evidentes s\u00f3lo se tendr\u00e1n en cuenta si se presentan por escrito en el plazo de una semana a partir de la recepci\u00f3n de la mercanc\u00eda, tras haberla inspeccionado inmediatamente. Los cambios de modelo y las peque\u00f1as desviaciones de color, as\u00ed como los cambios t\u00e9cnicos que sirvan al progreso no justifican las reclamaciones. No existe garant\u00eda sobre las piezas utilizadas en las carreras.<br>Garant\u00eda. Las piezas sin certificado T\u00dcV o ABE (EG\/ABE) no est\u00e1n autorizadas para su uso en la v\u00eda p\u00fablica.<\/p>\n\n\n\n<p>Deber de diligencia<br>El comprador se compromete a inscribir en la documentaci\u00f3n del veh\u00edculo, de conformidad con las disposiciones legales, toda mercanc\u00eda que nos encargue y que sea una modificaci\u00f3n t\u00e9cnica o una transformaci\u00f3n de un veh\u00edculo que participe en el tr\u00e1fico p\u00fablico. Quedan excluidas todas las reclamaciones del comprador o de terceros contra el vendedor derivadas de accidentes o da\u00f1os de cualquier tipo.<\/p>\n\n\n\n<p>Lugar de cumplimiento y jurisdicci\u00f3n<br>El lugar de cumplimiento y jurisdicci\u00f3n para todos los pagos y litigios relacionados con la venta de mercanc\u00edas es M\u00f6nchengladbach.<br>La invalidez o nulidad de determinadas disposiciones no afectar\u00e1 a la validez jur\u00eddica de las restantes disposiciones de las presentes CGC.<\/p>\n\n\n\n<p>Resoluci\u00f3n alternativa de litigios de conformidad con el art\u00edculo 14, apartado 1, de la ODR-VO y el art\u00edculo 36 de la VSBG:<br>La Comisi\u00f3n Europea ofrece una plataforma para la resoluci\u00f3n de litigios en l\u00ednea (OS), que puede encontrar en https:\/\/ec.europa.eu\/consumers\/odr. No estamos obligados ni dispuestos a participar en un procedimiento de resoluci\u00f3n de litigios ante una junta arbitral de consumo.<\/p>","protected":false},"excerpt":{"rendered":"<p>Nachstehende Bedingungen gelten ausschlie\u00dflich, auch wenn im Einzelfall nicht darauf Bezug genommen wird, mit sofortiger Wirkung f\u00fcr alle unsere Angebote, Verk\u00e4ufe und Lieferungen. Mit Auftragserteilung erkl\u00e4rt sich der K\u00e4ufer mit den Bedingungen einverstanden. Abweichende Vereinbarungen sind nicht g\u00fcltig. Weiterhin gelten die Bedingungen des BGB in neuester Fassung.Bestellung und VersandDer Versand erfolgt nach besten Ermessen des [&hellip;]<\/p>\n","protected":false},"author":1,"featured_media":0,"parent":0,"menu_order":10,"comment_status":"closed","ping_status":"closed","template":"","meta":{"_acf_changed":false,"footnotes":""},"class_list":["post-144","page","type-page","status-publish","hentry"],"acf":[],"_links":{"self":[{"href":"https:\/\/rieger-rennsport.de\/es\/wp-json\/wp\/v2\/pages\/144","targetHints":{"allow":["GET"]}}],"collection":[{"href":"https:\/\/rieger-rennsport.de\/es\/wp-json\/wp\/v2\/pages"}],"about":[{"href":"https:\/\/rieger-rennsport.de\/es\/wp-json\/wp\/v2\/types\/page"}],"author":[{"embeddable":true,"href":"https:\/\/rieger-rennsport.de\/es\/wp-json\/wp\/v2\/users\/1"}],"replies":[{"embeddable":true,"href":"https:\/\/rieger-rennsport.de\/es\/wp-json\/wp\/v2\/comments?post=144"}],"version-history":[{"count":0,"href":"https:\/\/rieger-rennsport.de\/es\/wp-json\/wp\/v2\/pages\/144\/revisions"}],"wp:attachment":[{"href":"https:\/\/rieger-rennsport.de\/es\/wp-json\/wp\/v2\/media?parent=144"}],"curies":[{"name":"wp","href":"https:\/\/api.w.org\/{rel}","templated":true}]}}