{"id":68,"date":"2024-02-25T22:24:40","date_gmt":"2024-02-25T21:24:40","guid":{"rendered":"https:\/\/new.rieger-rennsport.de\/impressum\/"},"modified":"2025-07-06T19:45:42","modified_gmt":"2025-07-06T17:45:42","slug":"impressum","status":"publish","type":"page","link":"https:\/\/rieger-rennsport.de\/es\/impressum\/","title":{"rendered":"Pie de imprenta"},"content":{"rendered":"<p>Joshua Rieger<br>Carreras Rieger<br>Holter Cruz 49<br>41069 M\u00f6nchengladbach<\/p>\n\n\n\n<h2 class=\"wp-block-heading\">Contacto<\/h2>\n\n\n\n<p>Tel\u00e9fono: +49 152 \/ 286 117 05<br>Correo electr\u00f3nico: support@rieger-rennsport.de<\/p>\n\n\n\n<h2 class=\"wp-block-heading\">N\u00famero de identificaci\u00f3n fiscal<\/h2>\n\n\n\n<p>N\u00famero de identificaci\u00f3n fiscal conforme al art\u00edculo 27 a de la Ley del impuesto sobre el volumen de negocios:<br>DE294788692<\/p>\n\n\n\n<h2 class=\"wp-block-heading\">Resoluci\u00f3n de litigios de consumo\/centro de arbitraje universal<\/h2>\n\n\n\n<p>No estamos dispuestos ni obligados a participar en procedimientos de resoluci\u00f3n de litigios ante una junta arbitral de consumo.<\/p>","protected":false},"excerpt":{"rendered":"<p>Joshua RiegerRieger RennsportHolter Kreuz 4941069 M\u00f6nchengladbach Kontakt Telefon: +49 152 \/ 286 117 05E-Mail: support@rieger-rennsport.de Umsatzsteuer-ID Umsatzsteuer-Identifikationsnummer gem\u00e4\u00df \u00a7 27 a Umsatzsteuergesetz:DE294788692 Verbraucher\u00adstreit\u00adbeilegung\/Universal\u00adschlichtungs\u00adstelle Wir sind nicht bereit oder verpflichtet, an Streitbeilegungsverfahren vor einer Verbraucherschlichtungsstelle teilzunehmen.<\/p>","protected":false},"author":1,"featured_media":0,"parent":0,"menu_order":14,"comment_status":"closed","ping_status":"closed","template":"","meta":{"_acf_changed":false,"footnotes":""},"class_list":["post-68","page","type-page","status-publish","hentry"],"acf":[],"_links":{"self":[{"href":"https:\/\/rieger-rennsport.de\/es\/wp-json\/wp\/v2\/pages\/68","targetHints":{"allow":["GET"]}}],"collection":[{"href":"https:\/\/rieger-rennsport.de\/es\/wp-json\/wp\/v2\/pages"}],"about":[{"href":"https:\/\/rieger-rennsport.de\/es\/wp-json\/wp\/v2\/types\/page"}],"author":[{"embeddable":true,"href":"https:\/\/rieger-rennsport.de\/es\/wp-json\/wp\/v2\/users\/1"}],"replies":[{"embeddable":true,"href":"https:\/\/rieger-rennsport.de\/es\/wp-json\/wp\/v2\/comments?post=68"}],"version-history":[{"count":1,"href":"https:\/\/rieger-rennsport.de\/es\/wp-json\/wp\/v2\/pages\/68\/revisions"}],"predecessor-version":[{"id":1472,"href":"https:\/\/rieger-rennsport.de\/es\/wp-json\/wp\/v2\/pages\/68\/revisions\/1472"}],"wp:attachment":[{"href":"https:\/\/rieger-rennsport.de\/es\/wp-json\/wp\/v2\/media?parent=68"}],"curies":[{"name":"wp","href":"https:\/\/api.w.org\/{rel}","templated":true}]}}