{"id":1211,"date":"2025-01-13T11:37:04","date_gmt":"2025-01-13T10:37:04","guid":{"rendered":"https:\/\/rieger-rennsport.de\/?post_type=product&#038;p=1211"},"modified":"2025-01-14T15:40:45","modified_gmt":"2025-01-14T14:40:45","slug":"hsr-reifenwaermer","status":"publish","type":"product","link":"https:\/\/rieger-rennsport.de\/es\/producto\/hsr-reifenwaermer\/","title":{"rendered":"Calentador de neum\u00e1ticos HSR"},"content":{"rendered":"<p><strong>Perfecci\u00f3n artesanal - Made in Germany<\/strong><\/p>\n<p>En\u00a0<strong>Calentador de neum\u00e1ticos HSR Radial Digital<\/strong>\u00a0son sin\u00f3nimo de m\u00e1xima calidad y precisi\u00f3n. Fabricados a mano en Alemania, impresionan por la excelente elaboraci\u00f3n de las costuras y los materiales. Desde la robusta construcci\u00f3n hasta el m\u00e1s m\u00ednimo detalle, estos calentadores de neum\u00e1ticos est\u00e1n dise\u00f1ados para pilotos y entusiastas exigentes que no quieren renunciar a nada.<\/p>\n<p><strong>Materiales de alta calidad para un rendimiento m\u00e1ximo<\/strong><\/p>\n<ul>\n<li><strong>Tejido Nomex<\/strong>\u00a0en el interior de los neum\u00e1ticos delanteros y traseros garantiza una distribuci\u00f3n uniforme del calor y la m\u00e1xima seguridad.<\/li>\n<li>El borde exterior est\u00e1 rematado con un pr\u00e1ctico\u00a0<strong>Banda el\u00e1stica<\/strong>\u00a0que garantiza un ajuste perfecto en el neum\u00e1tico.<\/li>\n<li>En\u00a0<strong>Cable calefactor<\/strong>\u00a0est\u00e1 equipado con\u00a0<strong>Silicona<\/strong>\u00a0o\u00a0<strong>Tefl\u00f3n<\/strong>\u00a0que garantiza una larga vida \u00fatil y un rendimiento fiable.<\/li>\n<\/ul>\n<p><strong>Control preciso de la temperatura para un rendimiento \u00f3ptimo<\/strong><\/p>\n<ul>\n<li>Puedes utilizar la unidad de control digital para\u00a0<strong>Temperatura infinitamente variable hasta 110\u00b0C<\/strong>\u00a0y controlarlos.<\/li>\n<li>Gracias a la\u00a0<strong>cable calefactor transversal<\/strong>\u00a0el calor se distribuye uniformemente por todo el neum\u00e1tico.<\/li>\n<\/ul>\n<p><strong>\u00bfPor qu\u00e9 calentadores de neum\u00e1ticos HSR?<\/strong><br \/>\nCon los calentadores de neum\u00e1ticos HSR Radial Digital, puedes estar seguro de contar con lo mejor en tecnolog\u00eda y mano de obra: distribuci\u00f3n perfecta del calor, control preciso y materiales duraderos que pueden soportar el estr\u00e9s y las tensiones de las carreras. Tanto si est\u00e1s entrenando como compitiendo, estos calentadores de neum\u00e1ticos garantizan que tus neum\u00e1ticos est\u00e9n siempre a la temperatura \u00f3ptima para obtener el m\u00e1ximo rendimiento.<\/p>\n<p>Sin concesiones: centrarse en la calidad y la precisi\u00f3n\u00a0<strong>Hecho a mano en Alemania<\/strong>!<\/p>","protected":false},"excerpt":{"rendered":"<p>Mit den HSR Reifenw\u00e4rmern Radial Digital sicherst du dir das Beste an Technologie und Verarbeitung: perfekte W\u00e4rmeverteilung, pr\u00e4zise Steuerung und langlebige Materialien, die den Belastungen des Rennsports standhalten.<\/p>","protected":false},"featured_media":1214,"template":"","meta":{"_acf_changed":false},"product_brand":[],"product_cat":[24],"product_tag":[],"class_list":{"0":"post-1211","1":"product","2":"type-product","3":"status-publish","4":"has-post-thumbnail","6":"product_cat-zubehoer","8":"first","9":"instock","10":"taxable","11":"shipping-taxable","12":"purchasable","13":"product-type-variable","14":"rtwpvg-product"},"acf":[],"_links":{"self":[{"href":"https:\/\/rieger-rennsport.de\/es\/wp-json\/wp\/v2\/product\/1211","targetHints":{"allow":["GET"]}}],"collection":[{"href":"https:\/\/rieger-rennsport.de\/es\/wp-json\/wp\/v2\/product"}],"about":[{"href":"https:\/\/rieger-rennsport.de\/es\/wp-json\/wp\/v2\/types\/product"}],"wp:featuredmedia":[{"embeddable":true,"href":"https:\/\/rieger-rennsport.de\/es\/wp-json\/wp\/v2\/media\/1214"}],"wp:attachment":[{"href":"https:\/\/rieger-rennsport.de\/es\/wp-json\/wp\/v2\/media?parent=1211"}],"wp:term":[{"taxonomy":"product_brand","embeddable":true,"href":"https:\/\/rieger-rennsport.de\/es\/wp-json\/wp\/v2\/product_brand?post=1211"},{"taxonomy":"product_cat","embeddable":true,"href":"https:\/\/rieger-rennsport.de\/es\/wp-json\/wp\/v2\/product_cat?post=1211"},{"taxonomy":"product_tag","embeddable":true,"href":"https:\/\/rieger-rennsport.de\/es\/wp-json\/wp\/v2\/product_tag?post=1211"}],"curies":[{"name":"wp","href":"https:\/\/api.w.org\/{rel}","templated":true}]}}