{"id":79,"date":"2024-02-25T22:29:10","date_gmt":"2024-02-25T21:29:10","guid":{"rendered":"https:\/\/new.rieger-rennsport.de\/?post_type=product&#038;p=79"},"modified":"2026-02-02T12:53:15","modified_gmt":"2026-02-02T11:53:15","slug":"garage-wizard","status":"publish","type":"product","link":"https:\/\/rieger-rennsport.de\/es\/producto\/garage-wizard\/","title":{"rendered":"Asistente de Garaje"},"content":{"rendered":"<div class=\"row\">\n<p>Ya sea carretera o cross, moto o bicicleta, nuestro Garage Wizard es un aut\u00e9ntico todoterreno en el sector de las dos ruedas y le declara la guerra al caos.<\/p>\n<p>Ning\u00fan otro producto proporciona mejor al conductor el equipamiento que necesita justo antes o despu\u00e9s de la conducci\u00f3n.<\/p>\n<ul>\n<li>Soporte para casco<\/li>\n<li>Soporte combinado<\/li>\n<li>Portarrollos de papel<\/li>\n<li>Soporte para botes de spray<\/li>\n<li>Estante para tabletas<\/li>\n<li>Maletero<\/li>\n<\/ul>\n<p>\u00bfD\u00f3nde cuelgas la ropa mojada?<\/p>\n<p>El Garage Wizard est\u00e1 fabricado con gran robustez y cuenta con un elaborado recubrimiento en polvo, lo que lo convierte en un compa\u00f1ero para toda la vida.<\/p>\n<p>Gracias a los sencillos tornillos de mariposa y a las conexiones enchufables, el Garage Wizard puede desmontarse por completo en un minuto, lo que lo convierte en un compa\u00f1ero \u00fatil no s\u00f3lo en el garaje, sino tambi\u00e9n en la pista de carreras.<\/p>\n<\/div>","protected":false},"excerpt":{"rendered":"<p>Ganz egal ob Stra\u00dfe oder Cross, Motorrad oder Fahrrad, unser Garage Wizard ist ein wahrer Allesk\u00f6nner im Zweiradbereich und sagt dem Chaos den Kampf an. Kein anderes Produkt stellt dem Fahrer das kurz vor oder nach der Ausfahrt ben\u00f6tigte Equipment besser zur Verf\u00fcgung. Helmhalter Kombihalter Papierrollenhalter Spraydosenhalter Ablage Tablet Stiefelablage Wo h\u00e4ngst du noch gleich [&hellip;]<\/p>\n","protected":false},"featured_media":105,"template":"","meta":{"_acf_changed":false},"product_brand":[],"product_cat":[22],"product_tag":[],"class_list":{"0":"post-79","1":"product","2":"type-product","3":"status-publish","4":"has-post-thumbnail","6":"product_cat-garage-wizard","8":"first","9":"outofstock","10":"taxable","11":"shipping-taxable","12":"purchasable","13":"product-type-variable","14":"has-default-attributes","15":"rtwpvg-product"},"acf":[],"_links":{"self":[{"href":"https:\/\/rieger-rennsport.de\/es\/wp-json\/wp\/v2\/product\/79","targetHints":{"allow":["GET"]}}],"collection":[{"href":"https:\/\/rieger-rennsport.de\/es\/wp-json\/wp\/v2\/product"}],"about":[{"href":"https:\/\/rieger-rennsport.de\/es\/wp-json\/wp\/v2\/types\/product"}],"wp:featuredmedia":[{"embeddable":true,"href":"https:\/\/rieger-rennsport.de\/es\/wp-json\/wp\/v2\/media\/105"}],"wp:attachment":[{"href":"https:\/\/rieger-rennsport.de\/es\/wp-json\/wp\/v2\/media?parent=79"}],"wp:term":[{"taxonomy":"product_brand","embeddable":true,"href":"https:\/\/rieger-rennsport.de\/es\/wp-json\/wp\/v2\/product_brand?post=79"},{"taxonomy":"product_cat","embeddable":true,"href":"https:\/\/rieger-rennsport.de\/es\/wp-json\/wp\/v2\/product_cat?post=79"},{"taxonomy":"product_tag","embeddable":true,"href":"https:\/\/rieger-rennsport.de\/es\/wp-json\/wp\/v2\/product_tag?post=79"}],"curies":[{"name":"wp","href":"https:\/\/api.w.org\/{rel}","templated":true}]}}