{"id":894,"date":"2024-10-19T21:11:26","date_gmt":"2024-10-19T19:11:26","guid":{"rendered":"https:\/\/rieger-rennsport.de\/?post_type=product&#038;p=894"},"modified":"2024-10-29T08:09:40","modified_gmt":"2024-10-29T07:09:40","slug":"nachruestkit-automatischer-gummieinzug","status":"publish","type":"product","link":"https:\/\/rieger-rennsport.de\/es\/producto\/nachruestkit-automatischer-gummieinzug\/","title":{"rendered":"Kit de reequipamiento: Alimentaci\u00f3n autom\u00e1tica de goma"},"content":{"rendered":"<p>Despu\u00e9s de las primeras entregas del Paddock Wizard Nueva Generaci\u00f3n, recibimos r\u00e1pidamente comentarios de que las patas se sueltan de su soporte con demasiada facilidad cuando est\u00e1n montadas. Esto puede ser un problema al pasar por encima de cables u otros obst\u00e1culos, por ejemplo.<\/p>\n<p>En respuesta a esto, hemos\u00a0<strong>Alimentaci\u00f3n autom\u00e1tica de caucho<\/strong>\u00a0\u00a1desarrollado!<\/p>\n<p>El kit de adaptaci\u00f3n consiste en un peque\u00f1o orificio en la parte inferior del soporte en el que se inserta el tornillo M4 suministrado. Este tornillo fija las tres gomas el\u00e1sticas que se introducen por las patas individuales del Wizard. En el extremo inferior, cerca de los rodillos, las gomas el\u00e1sticas se anudan con un poco de tensi\u00f3n previa y una bola de tope.<\/p>\n<p>Las gomas el\u00e1sticas no s\u00f3lo mantienen las patas en posici\u00f3n de forma fiable, sino que tambi\u00e9n facilitan el montaje: Cuando las patas est\u00e1n plegadas, se colocan autom\u00e1ticamente en la posici\u00f3n correcta gracias a la retracci\u00f3n de goma.<\/p>\n<p><em>(Ya incluido en el actual Paddock Wizards<\/em>)<\/p>","protected":false},"excerpt":{"rendered":"<p>Nach den ersten Auslieferungen des Paddock Wizard New Generation haben wir schnell R\u00fcckmeldungen erhalten, dass sich die Beine im aufgebauten Zustand zu leicht aus ihrer Halterung l\u00f6sen. Dies kann beispielsweise beim Rollen \u00fcber Kabel oder andere Hindernisse zum Problem werden. Als Reaktion darauf haben wir den\u00a0automatischen Gummieinzug\u00a0entwickelt! Das Nachr\u00fcstkit besteht aus einer kleinen Bohrung an [&hellip;]<\/p>\n","protected":false},"featured_media":898,"template":"","meta":{"_acf_changed":false},"product_brand":[],"product_cat":[24],"product_tag":[],"class_list":{"0":"post-894","1":"product","2":"type-product","3":"status-publish","4":"has-post-thumbnail","6":"product_cat-zubehoer","8":"first","9":"instock","10":"taxable","11":"shipping-taxable","12":"purchasable","13":"product-type-variable","14":"rtwpvg-product"},"acf":[],"_links":{"self":[{"href":"https:\/\/rieger-rennsport.de\/es\/wp-json\/wp\/v2\/product\/894","targetHints":{"allow":["GET"]}}],"collection":[{"href":"https:\/\/rieger-rennsport.de\/es\/wp-json\/wp\/v2\/product"}],"about":[{"href":"https:\/\/rieger-rennsport.de\/es\/wp-json\/wp\/v2\/types\/product"}],"wp:featuredmedia":[{"embeddable":true,"href":"https:\/\/rieger-rennsport.de\/es\/wp-json\/wp\/v2\/media\/898"}],"wp:attachment":[{"href":"https:\/\/rieger-rennsport.de\/es\/wp-json\/wp\/v2\/media?parent=894"}],"wp:term":[{"taxonomy":"product_brand","embeddable":true,"href":"https:\/\/rieger-rennsport.de\/es\/wp-json\/wp\/v2\/product_brand?post=894"},{"taxonomy":"product_cat","embeddable":true,"href":"https:\/\/rieger-rennsport.de\/es\/wp-json\/wp\/v2\/product_cat?post=894"},{"taxonomy":"product_tag","embeddable":true,"href":"https:\/\/rieger-rennsport.de\/es\/wp-json\/wp\/v2\/product_tag?post=894"}],"curies":[{"name":"wp","href":"https:\/\/api.w.org\/{rel}","templated":true}]}}