{"id":90,"date":"2024-02-25T22:29:11","date_gmt":"2024-02-25T21:29:11","guid":{"rendered":"https:\/\/new.rieger-rennsport.de\/?post_type=product&#038;p=90"},"modified":"2026-03-03T10:36:59","modified_gmt":"2026-03-03T09:36:59","slug":"kombitrockner","status":"publish","type":"product","link":"https:\/\/rieger-rennsport.de\/es\/producto\/kombitrockner\/","title":{"rendered":"Secadora combinada"},"content":{"rendered":"<p>Secador combinado para cuero y textil con funci\u00f3n calor\/fr\u00edo<\/p>\n<p>La secadora combinada se desarroll\u00f3 para secar r\u00e1pidamente con calor los trajes de cuero de los motoristas y los trajes textiles de los conductores de autom\u00f3viles, calentarlos con temperaturas m\u00e1s bajas y facilitar su colocaci\u00f3n gracias a la mayor flexibilidad del cuero.<br \/>\nEl aparato funciona con un enchufe UE de 220\/230 voltios.<\/p>\n<p>Por tanto, la secadora combinada ofrece tres funciones: Seca, calienta y enfr\u00eda. La parte superior es de pl\u00e1stico y la percha es de metal resistente, lo que lo hace extremadamente duradero y ligero al mismo tiempo. Se ha desarrollado para mejorar notablemente la comodidad del motorista, independientemente de las condiciones clim\u00e1ticas y del n\u00famero de usos diarios.<\/p>\n<p><strong>Otros datos t\u00e9cnicos<\/strong><\/p>\n<ul>\n<li><strong>Flujo de volumen<\/strong>290 m3\/h o 5000 l\/min<\/li>\n<li>Max.\u00a0<strong>Velocidad<\/strong>: 2.800 rpm<\/li>\n<li><strong>Sentido del flujo<\/strong>: 360\u00ba<\/li>\n<li><strong>Rendimiento seguro optimizado del elemento calefactor<\/strong>: 220 V - 640 W,<br \/>\nPosibilidad de picos de potencia de hasta 1.000 W<\/li>\n<li><strong>Termostato doble con certificaci\u00f3n UL<\/strong>Interruptores redundantes con control de temperatura a 32 \u00b0C<\/li>\n<li><strong>Adaptador de toma de corriente<\/strong>220 V para UE, EE.UU., GB, CH y AU<\/li>\n<\/ul>","protected":false},"excerpt":{"rendered":"<p>Leder- und Textilkombitrockner mit warm- \/Kaltfunktion Der Kombitrockner wurde entwickelt, um die Lederkombis von Motorradfahrern und Textilkombis von Autofahrern schnell durch W\u00e4rme zu trocknen, bei k\u00fchleren Temperaturen zu erw\u00e4rmen und das Anziehen durch das geschmeidigere Leder zu erleichtern. Das Ger\u00e4t funktioniert \u00fcber einen EU-Anschlussstecker mit 220\/230 Volt. Der Kombitrockner bietet daher drei Funktionen: Er trocknet, [&hellip;]<\/p>\n","protected":false},"featured_media":129,"template":"","meta":{"_acf_changed":false},"product_brand":[],"product_cat":[24],"product_tag":[],"class_list":{"0":"post-90","1":"product","2":"type-product","3":"status-publish","4":"has-post-thumbnail","6":"product_cat-zubehoer","8":"first","9":"instock","10":"taxable","11":"shipping-taxable","12":"purchasable","13":"product-type-simple"},"acf":[],"_links":{"self":[{"href":"https:\/\/rieger-rennsport.de\/es\/wp-json\/wp\/v2\/product\/90","targetHints":{"allow":["GET"]}}],"collection":[{"href":"https:\/\/rieger-rennsport.de\/es\/wp-json\/wp\/v2\/product"}],"about":[{"href":"https:\/\/rieger-rennsport.de\/es\/wp-json\/wp\/v2\/types\/product"}],"wp:featuredmedia":[{"embeddable":true,"href":"https:\/\/rieger-rennsport.de\/es\/wp-json\/wp\/v2\/media\/129"}],"wp:attachment":[{"href":"https:\/\/rieger-rennsport.de\/es\/wp-json\/wp\/v2\/media?parent=90"}],"wp:term":[{"taxonomy":"product_brand","embeddable":true,"href":"https:\/\/rieger-rennsport.de\/es\/wp-json\/wp\/v2\/product_brand?post=90"},{"taxonomy":"product_cat","embeddable":true,"href":"https:\/\/rieger-rennsport.de\/es\/wp-json\/wp\/v2\/product_cat?post=90"},{"taxonomy":"product_tag","embeddable":true,"href":"https:\/\/rieger-rennsport.de\/es\/wp-json\/wp\/v2\/product_tag?post=90"}],"curies":[{"name":"wp","href":"https:\/\/api.w.org\/{rel}","templated":true}]}}