{"id":143,"date":"2024-02-25T22:36:56","date_gmt":"2024-02-25T21:36:56","guid":{"rendered":"https:\/\/new.rieger-rennsport.de\/agb\/"},"modified":"2024-05-23T11:06:14","modified_gmt":"2024-05-23T09:06:14","slug":"agb","status":"publish","type":"page","link":"https:\/\/rieger-rennsport.de\/fr\/agb\/","title":{"rendered":"CONDITIONS G\u00c9N\u00c9RALES DE VENTE"},"content":{"rendered":"<p>Les conditions suivantes s'appliquent exclusivement, m\u00eame s'il n'y est pas fait r\u00e9f\u00e9rence dans un cas particulier, avec effet imm\u00e9diat pour toutes nos offres, ventes et livraisons. En passant commande, l'acheteur se d\u00e9clare d'accord avec les conditions. Les accords divergents ne sont pas valables. En outre, les conditions du BGB (Code civil allemand) dans sa version la plus r\u00e9cente s'appliquent.<br>Commande et envoi<br>L'exp\u00e9dition est effectu\u00e9e au mieux de l'appr\u00e9ciation du vendeur, mais sans garantie de transport au meilleur prix. Les dommages dus au fret et les marchandises d\u00e9fectueuses issues de livraisons doivent faire l'objet d'une r\u00e9clamation imm\u00e9diate, mais au plus tard dans un d\u00e9lai d'une semaine apr\u00e8s r\u00e9ception des marchandises, aupr\u00e8s de nous et du service de livraison des colis. Les quantit\u00e9s manquantes doivent \u00eatre signal\u00e9es directement chez nous. Les clients qui refusent la r\u00e9ception de la marchandise command\u00e9e ou qui ne vont pas la chercher \u00e0 la poste supportent les frais de traitement de l'exp\u00e9dition et de remise en stock.<br>Informations sur le droit de r\u00e9tractation et instruction :<\/p>\n\n\n\n<p>Droit de r\u00e9tractation<\/p>\n\n\n\n<p>Vous pouvez r\u00e9voquer votre d\u00e9claration contractuelle par \u00e9crit (par ex. lettre, fax, e-mail) dans un d\u00e9lai de 14 jours sans indication de motifs ou - si la marchandise vous est remise avant l'expiration du d\u00e9lai - en renvoyant la marchandise. Le d\u00e9lai commence \u00e0 courir apr\u00e8s la r\u00e9ception de cette information sous forme de texte, mais pas avant la r\u00e9ception de la marchandise par le destinataire (en cas de livraison r\u00e9p\u00e9t\u00e9e de marchandises de m\u00eame nature, pas avant la r\u00e9ception de la premi\u00e8re livraison partielle) et pas non plus avant l'ex\u00e9cution de nos obligations d'information conform\u00e9ment \u00e0 l'article 246 \u00a7 2 en liaison avec le \u00a7 1, alin\u00e9as 1 et 2 de l'EGBGB (loi introductive au code civil allemand) ainsi que de nos obligations conform\u00e9ment au \u00a7 312e, alin\u00e9a 1, phrase 1 du BGB (code civil allemand) en liaison avec l'article 246 \u00a7 3 de l'EGBGB. Pour respecter le d\u00e9lai de r\u00e9tractation, il suffit d'envoyer un<br>l'envoi en temps utile de la r\u00e9tractation ou de la chose. La r\u00e9vocation doit \u00eatre adress\u00e9e \u00e0 :<\/p>\n\n\n\n<p>Rieger-Rennsport<br>Propri\u00e9taire : Joshua Rieger<br>Holter Kreuz 49, 41069 M\u00f6nchengladbach<br>Email : support@rieger-rennsport.de<\/p>\n\n\n\n<p>Cons\u00e9quences de la r\u00e9tractation<br>En cas de r\u00e9tractation effective, les prestations re\u00e7ues par les deux parties doivent \u00eatre restitu\u00e9es et, le cas \u00e9ch\u00e9ant, les b\u00e9n\u00e9fices tir\u00e9s (par exemple les int\u00e9r\u00eats) doivent \u00eatre rembours\u00e9s. Si vous ne pouvez pas nous restituer la prestation re\u00e7ue, en tout ou en partie, ou si vous ne pouvez la restituer qu'en mauvais \u00e9tat, vous devez, le cas \u00e9ch\u00e9ant, nous verser un d\u00e9dommagement. Cela ne s'applique pas \u00e0 la cession d'objets si la d\u00e9t\u00e9rioration de l'objet est exclusivement due \u00e0 son examen - tel qu'il vous aurait \u00e9t\u00e9 possible de le faire dans un magasin. Par ailleurs, vous pouvez \u00e9viter l'obligation de rembourser la valeur d'une d\u00e9t\u00e9rioration r\u00e9sultant d'une utilisation conforme de la marchandise en<br>ne pas utiliser la chose comme si elle vous appartenait et s'abstenir de tout ce qui pourrait nuire \u00e0 sa valeur. Les marchandises pouvant \u00eatre exp\u00e9di\u00e9es par colis doivent \u00eatre renvoy\u00e9es \u00e0 nos risques et p\u00e9rils. Le retour est gratuit pour vous. Les obligations de remboursement des paiements doivent \u00eatre remplies dans un d\u00e9lai de 30 jours. Le d\u00e9lai commence pour vous avec l'envoi de votre d\u00e9claration de r\u00e9tractation ou de la marchandise, pour nous avec sa r\u00e9ception.<\/p>\n\n\n\n<p>Prix et paiements<br>Les prix indiqu\u00e9s sur notre site Internet s'entendent d\u00e9part entrep\u00f4t en EURO, TVA en vigueur incluse, frais de port et d'emballage en sus. Nous nous r\u00e9servons le droit de modifier les prix. L'emballage est factur\u00e9 avec une part du prix de revient. Sauf accord \u00e9crit sur un autre mode de paiement, le montant de la facture est pr\u00e9lev\u00e9 sans aucune d\u00e9duction lors de la livraison contre remboursement ou au pr\u00e9alable par paiement anticip\u00e9. Dans tous les cas, toutes les marchandises restent la propri\u00e9t\u00e9 du vendeur jusqu'\u00e0 leur paiement int\u00e9gral.<\/p>\n\n\n\n<p>Caract\u00e9ristiques techniques et nature des marchandises<br>Sous r\u00e9serve de l\u00e9g\u00e8res diff\u00e9rences de forme, de couleur et de fonction. Les descriptions et les repr\u00e9sentations picturales ne sont qu'approximatives. Des modifications ou des am\u00e9liorations servant au progr\u00e8s technique peuvent \u00eatre apport\u00e9es sans pr\u00e9avis.<br>Les dommages caus\u00e9s par des pi\u00e8ces livr\u00e9es d\u00e9fectueuses ainsi que les heures de travail de tiers ne peuvent pas \u00eatre rembours\u00e9s.<\/p>\n\n\n\n<p>Garantie<br>Nous ne sommes pas responsables d'un montage incorrect, d'une faute intentionnelle, d'une n\u00e9gligence grave ou de l'influence d'un tiers sur la marchandise livr\u00e9e. La responsabilit\u00e9 en mati\u00e8re de dommages et int\u00e9r\u00eats est limit\u00e9e aux dommages typiques et pr\u00e9visibles. Nous n'assumons aucune responsabilit\u00e9 pour les dommages cons\u00e9cutifs. En cas de d\u00e9fauts apparents, les r\u00e9clamations ne sont prises en compte que si elles sont formul\u00e9es par \u00e9crit dans un d\u00e9lai d'une semaine \u00e0 compter de la r\u00e9ception de la marchandise, apr\u00e8s que celle-ci ait \u00e9t\u00e9 imm\u00e9diatement examin\u00e9e. Les modifications de mod\u00e8les et les l\u00e9g\u00e8res diff\u00e9rences de couleur ainsi que les modifications techniques servant au progr\u00e8s ne donnent pas droit \u00e0 des r\u00e9clamations. Les pi\u00e8ces utilis\u00e9es dans le sport automobile ne sont ni garanties ni rembours\u00e9es.<br>La garantie. Les pi\u00e8ces sans certificat T\u00dcV ou ABE (EG\/ABE) ne sont pas autoris\u00e9es \u00e0 \u00eatre utilis\u00e9es sur les routes publiques.<\/p>\n\n\n\n<p>Mesure de la conversion avec le pixel d'action des visiteurs de Facebook<br>Avec votre accord, nous utilisons le \"pixel d'action des visiteurs\" de Facebook Inc., 1601 S. California Ave, Palo Alto, CA 94304, USA (\"Facebook\") sur notre site Internet. Gr\u00e2ce \u00e0 lui, nous pouvons suivre les actions des utilisateurs apr\u00e8s qu'ils ont vu ou cliqu\u00e9 sur une publicit\u00e9 Facebook. Nous pouvons ainsi enregistrer l'efficacit\u00e9 des publicit\u00e9s Facebook \u00e0 des fins statistiques et d'\u00e9tudes de march\u00e9. Les donn\u00e9es ainsi collect\u00e9es sont anonymes pour nous, ce qui signifie que nous ne voyons pas les donn\u00e9es personnelles des utilisateurs individuels. Ces donn\u00e9es sont toutefois stock\u00e9es et trait\u00e9es par Facebook, ce dont nous vous informons en fonction de notre niveau de connaissance. Facebook peut associer ces donn\u00e9es \u00e0 votre compte Facebook et les utiliser \u00e0 ses propres fins publicitaires, conform\u00e9ment \u00e0 la politique d'utilisation des donn\u00e9es de Facebook https:\/\/www.facebook.com\/about\/privacy\/. Vous pouvez permettre \u00e0 Facebook et \u00e0 ses partenaires de diffuser des publicit\u00e9s sur et en dehors de Facebook. Un cookie peut \u00e9galement \u00eatre plac\u00e9 sur votre ordinateur \u00e0 ces fins.<\/p>\n\n\n\n<p>Ce consentement ne peut \u00eatre donn\u00e9 que par des utilisateurs \u00e2g\u00e9s de plus de 13 ans. Si vous \u00eates plus jeune, nous vous prions de demander conseil \u00e0 votre tuteur l\u00e9gal.<\/p>\n\n\n\n<p>Devoir de diligence<br>L'acheteur s'engage \u00e0 faire inscrire dans les papiers du v\u00e9hicule, conform\u00e9ment aux dispositions l\u00e9gales, toute marchandise command\u00e9e chez nous qui implique une modification technique ou une transformation d'un v\u00e9hicule participant \u00e0 la circulation publique. Toutes les pr\u00e9tentions de l'acheteur ou de tiers \u00e0 l'encontre du vendeur en raison d'accidents ou de dommages de toute nature sont exclues.<\/p>\n\n\n\n<p>Lieu d'ex\u00e9cution et tribunal comp\u00e9tent<br>Le lieu d'ex\u00e9cution et le tribunal comp\u00e9tent pour tous les paiements et litiges relatifs aux marchandises est M\u00f6nchengladbach. Si certaines dispositions sont ou deviennent caduques, cela n'affecte pas la validit\u00e9 juridique des autres dispositions des pr\u00e9sentes CGV.<\/p>\n\n\n\n<p>Alternative Dispute Resolution in accordance with Art. 14 (1) ODR-VO and \u00a7 36 VSBG :<br>La Commission europ\u00e9enne met \u00e0 disposition une plate-forme de r\u00e8glement en ligne des litiges (OS), que tu trouveras sur https:\/\/ec.europa.eu\/consumers\/odr. Nous ne sommes pas tenus de participer \u00e0 une proc\u00e9dure de r\u00e8glement des litiges devant un organisme de conciliation des consommateurs et ne sommes pas dispos\u00e9s \u00e0 le faire.<\/p>","protected":false},"excerpt":{"rendered":"<p>Nachstehende Bedingungen gelten ausschlie\u00dflich, auch wenn im Einzelfall nicht darauf Bezug genommen wird, mit sofortiger Wirkung f\u00fcr alle unsere Angebote, Verk\u00e4ufe und Lieferungen. Mit Auftragserteilung erkl\u00e4rt sich der K\u00e4ufer mit den Bedingungen einverstanden. Abweichende Vereinbarungen sind nicht g\u00fcltig. Weiterhin gelten die Bedingungen des BGB in neuester Fassung.Bestellung und VersandDer Versand erfolgt nach besten Ermessen des [&hellip;]<\/p>\n","protected":false},"author":1,"featured_media":0,"parent":0,"menu_order":9,"comment_status":"closed","ping_status":"closed","template":"","meta":{"_acf_changed":false,"footnotes":""},"class_list":["post-143","page","type-page","status-publish","hentry"],"acf":[],"_links":{"self":[{"href":"https:\/\/rieger-rennsport.de\/fr\/wp-json\/wp\/v2\/pages\/143","targetHints":{"allow":["GET"]}}],"collection":[{"href":"https:\/\/rieger-rennsport.de\/fr\/wp-json\/wp\/v2\/pages"}],"about":[{"href":"https:\/\/rieger-rennsport.de\/fr\/wp-json\/wp\/v2\/types\/page"}],"author":[{"embeddable":true,"href":"https:\/\/rieger-rennsport.de\/fr\/wp-json\/wp\/v2\/users\/1"}],"replies":[{"embeddable":true,"href":"https:\/\/rieger-rennsport.de\/fr\/wp-json\/wp\/v2\/comments?post=143"}],"version-history":[{"count":0,"href":"https:\/\/rieger-rennsport.de\/fr\/wp-json\/wp\/v2\/pages\/143\/revisions"}],"wp:attachment":[{"href":"https:\/\/rieger-rennsport.de\/fr\/wp-json\/wp\/v2\/media?parent=143"}],"curies":[{"name":"wp","href":"https:\/\/api.w.org\/{rel}","templated":true}]}}