{"id":68,"date":"2024-02-25T22:24:40","date_gmt":"2024-02-25T21:24:40","guid":{"rendered":"https:\/\/new.rieger-rennsport.de\/impressum\/"},"modified":"2025-07-06T19:45:42","modified_gmt":"2025-07-06T17:45:42","slug":"impressum","status":"publish","type":"page","link":"https:\/\/rieger-rennsport.de\/fr\/impressum\/","title":{"rendered":"Mentions l\u00e9gales"},"content":{"rendered":"<p>Joshua Rieger<br>Rieger course<br>Croix de Holt 49<br>41069 M\u00f6nchengladbach<\/p>\n\n\n\n<h2 class=\"wp-block-heading\">Contact<\/h2>\n\n\n\n<p>T\u00e9l\u00e9phone : +49 152 \/ 286 117 05<br>Courrier \u00e9lectronique : support@rieger-rennsport.de<\/p>\n\n\n\n<h2 class=\"wp-block-heading\">Num\u00e9ro d'identification de la taxe sur le chiffre d'affaires<\/h2>\n\n\n\n<p>Num\u00e9ro d'identification de la taxe sur le chiffre d'affaires conform\u00e9ment au \u00a7 27 a de la loi sur la taxe sur le chiffre d'affaires :<br>DE294788692<\/p>\n\n\n\n<h2 class=\"wp-block-heading\">R\u00e8glement des litiges de consommation\/organe universel de conciliation<\/h2>\n\n\n\n<p>Nous ne sommes pas pr\u00eats ou oblig\u00e9s de participer \u00e0 des proc\u00e9dures de r\u00e8glement des litiges devant un organisme de conciliation des consommateurs.<\/p>","protected":false},"excerpt":{"rendered":"<p>Joshua RiegerRieger RennsportHolter Kreuz 4941069 M\u00f6nchengladbach Kontakt Telefon: +49 152 \/ 286 117 05E-Mail: support@rieger-rennsport.de Umsatzsteuer-ID Umsatzsteuer-Identifikationsnummer gem\u00e4\u00df \u00a7 27 a Umsatzsteuergesetz:DE294788692 Verbraucher\u00adstreit\u00adbeilegung\/Universal\u00adschlichtungs\u00adstelle Wir sind nicht bereit oder verpflichtet, an Streitbeilegungsverfahren vor einer Verbraucherschlichtungsstelle teilzunehmen.<\/p>","protected":false},"author":1,"featured_media":0,"parent":0,"menu_order":14,"comment_status":"closed","ping_status":"closed","template":"","meta":{"_acf_changed":false,"footnotes":""},"class_list":["post-68","page","type-page","status-publish","hentry"],"acf":[],"_links":{"self":[{"href":"https:\/\/rieger-rennsport.de\/fr\/wp-json\/wp\/v2\/pages\/68","targetHints":{"allow":["GET"]}}],"collection":[{"href":"https:\/\/rieger-rennsport.de\/fr\/wp-json\/wp\/v2\/pages"}],"about":[{"href":"https:\/\/rieger-rennsport.de\/fr\/wp-json\/wp\/v2\/types\/page"}],"author":[{"embeddable":true,"href":"https:\/\/rieger-rennsport.de\/fr\/wp-json\/wp\/v2\/users\/1"}],"replies":[{"embeddable":true,"href":"https:\/\/rieger-rennsport.de\/fr\/wp-json\/wp\/v2\/comments?post=68"}],"version-history":[{"count":1,"href":"https:\/\/rieger-rennsport.de\/fr\/wp-json\/wp\/v2\/pages\/68\/revisions"}],"predecessor-version":[{"id":1472,"href":"https:\/\/rieger-rennsport.de\/fr\/wp-json\/wp\/v2\/pages\/68\/revisions\/1472"}],"wp:attachment":[{"href":"https:\/\/rieger-rennsport.de\/fr\/wp-json\/wp\/v2\/media?parent=68"}],"curies":[{"name":"wp","href":"https:\/\/api.w.org\/{rel}","templated":true}]}}