{"id":78,"date":"2024-02-25T22:29:10","date_gmt":"2024-02-25T21:29:10","guid":{"rendered":"https:\/\/new.rieger-rennsport.de\/?post_type=product&#038;p=78"},"modified":"2026-03-02T08:53:22","modified_gmt":"2026-03-02T07:53:22","slug":"paddock-wizard-new-generation","status":"publish","type":"product","link":"https:\/\/rieger-rennsport.de\/fr\/produit\/paddock-wizard-new-generation\/","title":{"rendered":"Paddock Wizard nouvelle g\u00e9n\u00e9ration"},"content":{"rendered":"<p><strong>Paddock Wizard NEW GENERATION - L'arme ultime dans le paddock !<\/strong><\/p>\n<p>Nous comprenons ton probl\u00e8me : ton pr\u00e9cieux \u00e9quipement de course est \u00e9parpill\u00e9 dans le paddock - la combinaison en cuir contre un mur de stand disgracieux, le casque sur une table branlante et les jantes \u00e0 c\u00f4t\u00e9 de la caisse \u00e0 outils. Mais c'est de l'histoire ancienne ! Le Paddock Wizard NEW GENERATION y rem\u00e9die et r\u00e9volutionne le rangement de ton \u00e9quipement.<\/p>\n<p><strong>Les avantages en un coup d'\u0153il :<\/strong><\/p>\n<p><strong>Montage et d\u00e9montage rapides :\u00a0<\/strong>Gr\u00e2ce \u00e0 notre technique de pliage innovante, le Paddock Wizard NEW GENERATION est pr\u00eat \u00e0 l'emploi en quelques secondes. Que tu sois amateur ou professionnel, tu gagneras un temps pr\u00e9cieux.<\/p>\n<p><strong>Porte-casque et porte-gant avec ventilateur :<\/strong>\u00a0Notre porte-casque est \u00e9quip\u00e9 d'un ventilateur efficace qui fournit de l'air frais \u00e0 ton casque et \u00e0 tes gants avec un d\u00e9bit d'air de 790 litres par minute. Et m\u00eame de l'air chauff\u00e9 si n\u00e9cessaire !<\/p>\n<p><strong>Optimisation de l'espace :<\/strong>\u00a0Fini le manque de place ! Sur \u00e0 peine un m\u00e8tre carr\u00e9, le Paddock Wizard NEW GENERATION offre une maison stable et organis\u00e9e pour jusqu'\u00e0 4 jantes, ta combinaison de cuir, ton casque, tes gants, tes bombes a\u00e9rosols et ton rouleau de papier. M\u00eame les accessoires suppl\u00e9mentaires comme un testeur de pression des pneus trouvent leur place sur le plateau de rangement.<\/p>\n<p><strong>Horloge et indicateur de temp\u00e9rature :\u00a0<\/strong>Notre \u00e9cran int\u00e9gr\u00e9 t'indique toujours l'heure actuelle pour que tu ne rates plus aucun stint.<\/p>\n<p><strong>Prises de courant :<\/strong>\u00a0La colonne principale dispose de 3 prises de courant au total. Les prises inf\u00e9rieures peuvent \u00eatre activ\u00e9es et d\u00e9sactiv\u00e9es individuellement, ce qui est parfait pour contr\u00f4ler tes chauffe-pneus. La prise sup\u00e9rieure reste aliment\u00e9e en permanence, ce qui te permet par exemple de recharger facilement ton t\u00e9l\u00e9phone portable ou d'avoir du courant pour notre support combin\u00e9 ventil\u00e9.<\/p>\n<p><strong>Durable et certifi\u00e9 :<\/strong>\u00a0La construction robuste et le rev\u00eatement par poudre de haute qualit\u00e9 font du Paddock Wizard NEW GENERATION un compagnon de longue dur\u00e9e. Notre syst\u00e8me \u00e9lectrique a \u00e9t\u00e9 enti\u00e8rement contr\u00f4l\u00e9 en 2018 par l'Agence f\u00e9d\u00e9rale des r\u00e9seaux \u00e0 Dortmund.<\/p>\n<p><strong>Gain de temps :<\/strong>\u00a0Plus jamais de recherches interminables ! Tout est facilement accessible depuis ta moto. M\u00eame si tu oublies de nettoyer ta visi\u00e8re et que tu es d\u00e9j\u00e0 assis sur ta moto, tu as tout \u00e0 port\u00e9e de main.<\/p>\n<p>Facilite ta vie de pilote et assure un rangement professionnel et s\u00fbr de ton \u00e9quipement. Avec le Paddock Wizard NEW GENERATION, tu cr\u00e9es plus d'espace et d'ordre dans le paddock afin de pouvoir te concentrer sur ce qui compte vraiment : la conduite !<\/p>\n<p>Pr\u00eat \u00e0 optimiser ton apparence ? Commande d\u00e8s maintenant ton Paddock Wizard NEW GENERATION et d\u00e9couvre la solution r\u00e9volutionnaire qui va changer ta vie de coureur.<\/p>\n<p>Tu as des questions ou tu as besoin d'informations suppl\u00e9mentaires ? Contacte-nous - nous sommes toujours \u00e0 ta disposition !<\/p>","protected":false},"excerpt":{"rendered":"<h2>Le wizzard du paddock<\/h2>\n<p>L'aide pratique qui ne doit manquer sur aucun circuit de course.<\/p>\n<p>Vous trouverez ci-dessous plus de d\u00e9tails sur le produit et son ex\u00e9cution.<\/p>","protected":false},"featured_media":1111,"template":"","meta":{"_acf_changed":false},"product_brand":[],"product_cat":[21],"product_tag":[],"class_list":{"0":"post-78","1":"product","2":"type-product","3":"status-publish","4":"has-post-thumbnail","6":"product_cat-paddock-wizards","8":"first","9":"instock","10":"sale","11":"taxable","12":"shipping-taxable","13":"purchasable","14":"product-type-variable","15":"has-default-attributes","16":"rtwpvg-product"},"acf":[],"_links":{"self":[{"href":"https:\/\/rieger-rennsport.de\/fr\/wp-json\/wp\/v2\/product\/78","targetHints":{"allow":["GET"]}}],"collection":[{"href":"https:\/\/rieger-rennsport.de\/fr\/wp-json\/wp\/v2\/product"}],"about":[{"href":"https:\/\/rieger-rennsport.de\/fr\/wp-json\/wp\/v2\/types\/product"}],"wp:featuredmedia":[{"embeddable":true,"href":"https:\/\/rieger-rennsport.de\/fr\/wp-json\/wp\/v2\/media\/1111"}],"wp:attachment":[{"href":"https:\/\/rieger-rennsport.de\/fr\/wp-json\/wp\/v2\/media?parent=78"}],"wp:term":[{"taxonomy":"product_brand","embeddable":true,"href":"https:\/\/rieger-rennsport.de\/fr\/wp-json\/wp\/v2\/product_brand?post=78"},{"taxonomy":"product_cat","embeddable":true,"href":"https:\/\/rieger-rennsport.de\/fr\/wp-json\/wp\/v2\/product_cat?post=78"},{"taxonomy":"product_tag","embeddable":true,"href":"https:\/\/rieger-rennsport.de\/fr\/wp-json\/wp\/v2\/product_tag?post=78"}],"curies":[{"name":"wp","href":"https:\/\/api.w.org\/{rel}","templated":true}]}}