{"id":79,"date":"2024-02-25T22:29:10","date_gmt":"2024-02-25T21:29:10","guid":{"rendered":"https:\/\/new.rieger-rennsport.de\/?post_type=product&#038;p=79"},"modified":"2026-02-02T12:53:15","modified_gmt":"2026-02-02T11:53:15","slug":"garage-wizard","status":"publish","type":"product","link":"https:\/\/rieger-rennsport.de\/fr\/produit\/garage-wizard\/","title":{"rendered":"Garage-Wizard"},"content":{"rendered":"<div class=\"row\">\n<p>Qu'il s'agisse de route ou de cross, de moto ou de v\u00e9lo, notre Garage Wizard est un v\u00e9ritable touche-\u00e0-tout dans le domaine des deux-roues et d\u00e9clare la guerre au chaos.<\/p>\n<p>Aucun autre produit ne met mieux \u00e0 disposition du conducteur l'\u00e9quipement dont il a besoin juste avant ou apr\u00e8s sa sortie.<\/p>\n<ul>\n<li>Porte-casque<\/li>\n<li>Support combin\u00e9<\/li>\n<li>Porte-rouleau de papier<\/li>\n<li>Support pour bombes a\u00e9rosols<\/li>\n<li>Rangement Tablet<\/li>\n<li>Range-bottes<\/li>\n<\/ul>\n<p>O\u00f9 est-ce que tu accroches tes v\u00eatements mouill\u00e9s d\u00e9j\u00e0 ?!<\/p>\n<p>Le Garage Wizard est fabriqu\u00e9 de mani\u00e8re tr\u00e8s robuste et b\u00e9n\u00e9ficie d'un rev\u00eatement par poudre complexe, ce qui en fait un compagnon pour la vie.<\/p>\n<p>Enti\u00e8rement d\u00e9montable en une minute gr\u00e2ce \u00e0 de simples vis papillon et \u00e0 des connecteurs enfichables, le Garage Wizard est un compagnon utile non seulement dans le garage mais aussi sur le circuit.<\/p>\n<\/div>","protected":false},"excerpt":{"rendered":"<p>Ganz egal ob Stra\u00dfe oder Cross, Motorrad oder Fahrrad, unser Garage Wizard ist ein wahrer Allesk\u00f6nner im Zweiradbereich und sagt dem Chaos den Kampf an. Kein anderes Produkt stellt dem Fahrer das kurz vor oder nach der Ausfahrt ben\u00f6tigte Equipment besser zur Verf\u00fcgung. Helmhalter Kombihalter Papierrollenhalter Spraydosenhalter Ablage Tablet Stiefelablage Wo h\u00e4ngst du noch gleich [&hellip;]<\/p>\n","protected":false},"featured_media":105,"template":"","meta":{"_acf_changed":false},"product_brand":[],"product_cat":[22],"product_tag":[],"class_list":{"0":"post-79","1":"product","2":"type-product","3":"status-publish","4":"has-post-thumbnail","6":"product_cat-garage-wizard","8":"first","9":"outofstock","10":"taxable","11":"shipping-taxable","12":"purchasable","13":"product-type-variable","14":"has-default-attributes","15":"rtwpvg-product"},"acf":[],"_links":{"self":[{"href":"https:\/\/rieger-rennsport.de\/fr\/wp-json\/wp\/v2\/product\/79","targetHints":{"allow":["GET"]}}],"collection":[{"href":"https:\/\/rieger-rennsport.de\/fr\/wp-json\/wp\/v2\/product"}],"about":[{"href":"https:\/\/rieger-rennsport.de\/fr\/wp-json\/wp\/v2\/types\/product"}],"wp:featuredmedia":[{"embeddable":true,"href":"https:\/\/rieger-rennsport.de\/fr\/wp-json\/wp\/v2\/media\/105"}],"wp:attachment":[{"href":"https:\/\/rieger-rennsport.de\/fr\/wp-json\/wp\/v2\/media?parent=79"}],"wp:term":[{"taxonomy":"product_brand","embeddable":true,"href":"https:\/\/rieger-rennsport.de\/fr\/wp-json\/wp\/v2\/product_brand?post=79"},{"taxonomy":"product_cat","embeddable":true,"href":"https:\/\/rieger-rennsport.de\/fr\/wp-json\/wp\/v2\/product_cat?post=79"},{"taxonomy":"product_tag","embeddable":true,"href":"https:\/\/rieger-rennsport.de\/fr\/wp-json\/wp\/v2\/product_tag?post=79"}],"curies":[{"name":"wp","href":"https:\/\/api.w.org\/{rel}","templated":true}]}}