{"id":892,"date":"2024-10-19T19:36:16","date_gmt":"2024-10-19T17:36:16","guid":{"rendered":"https:\/\/rieger-rennsport.de\/?post_type=product&#038;p=892"},"modified":"2025-03-08T11:09:33","modified_gmt":"2025-03-08T10:09:33","slug":"reparatursatz-fuer-paddock-wizard-mit-kunststoff-dosenhaltern","status":"publish","type":"product","link":"https:\/\/rieger-rennsport.de\/fr\/produit\/reparatursatz-fuer-paddock-wizard-mit-kunststoff-dosenhaltern\/","title":{"rendered":"Kit de r\u00e9paration pour Paddock Wizard avec supports de bo\u00eetes en plastique"},"content":{"rendered":"<p>Pour r\u00e9pondre aux souhaits des clients qui souhaitaient que le Paddock Wizard soit moins lourd \u00e0 transporter, les porte-bo\u00eetes de la premi\u00e8re s\u00e9rie ont \u00e9t\u00e9 fabriqu\u00e9s en plastique imprim\u00e9 en 3D. Les r\u00e9actions de nos clients ont toutefois montr\u00e9 que cette solution n'\u00e9tait pas optimale. C'est pourquoi les mod\u00e8les actuels sont livr\u00e9s avec des supports m\u00e9talliques visuellement adapt\u00e9s.<\/p>\n<p>Si tu poss\u00e8des un Paddock Wizard New Generation de la premi\u00e8re s\u00e9rie, tu peux acheter ici des pi\u00e8ces de rechange \u00e0 bas prix (elles aussi ont \u00e9t\u00e9 optimis\u00e9es par rapport aux premi\u00e8res originales) ou alternativement les <a href=\"\/wp-content\/uploads\/Dosenhalter.stl\">T\u00e9l\u00e9charger gratuitement le fichier d'impression 3D.<\/a><\/p>\n<p>(ne convient pas aux mod\u00e8les actuels avec supports m\u00e9talliques)<\/p>","protected":false},"excerpt":{"rendered":"<p>Um den Kundenw\u00fcnschen nach einem geringeren Transportgewicht des Paddock Wizards gerecht zu werden, wurden die Dosenhalter der ersten Baureihe aus 3D-gedrucktem Kunststoff gefertigt. Das Feedback unserer Kunden hat jedoch gezeigt, dass diese L\u00f6sung nicht optimal ist. Daher werden die aktuellen Modelle mit optisch angepassten Metallhaltern ausgeliefert. Wenn du einen Paddock Wizard New Generation der ersten [&hellip;]<\/p>\n","protected":false},"featured_media":893,"template":"","meta":{"_acf_changed":false},"product_brand":[],"product_cat":[24],"product_tag":[],"class_list":{"0":"post-892","1":"product","2":"type-product","3":"status-publish","4":"has-post-thumbnail","6":"product_cat-zubehoer","8":"first","9":"instock","10":"taxable","11":"shipping-taxable","12":"purchasable","13":"product-type-simple"},"acf":[],"_links":{"self":[{"href":"https:\/\/rieger-rennsport.de\/fr\/wp-json\/wp\/v2\/product\/892","targetHints":{"allow":["GET"]}}],"collection":[{"href":"https:\/\/rieger-rennsport.de\/fr\/wp-json\/wp\/v2\/product"}],"about":[{"href":"https:\/\/rieger-rennsport.de\/fr\/wp-json\/wp\/v2\/types\/product"}],"wp:featuredmedia":[{"embeddable":true,"href":"https:\/\/rieger-rennsport.de\/fr\/wp-json\/wp\/v2\/media\/893"}],"wp:attachment":[{"href":"https:\/\/rieger-rennsport.de\/fr\/wp-json\/wp\/v2\/media?parent=892"}],"wp:term":[{"taxonomy":"product_brand","embeddable":true,"href":"https:\/\/rieger-rennsport.de\/fr\/wp-json\/wp\/v2\/product_brand?post=892"},{"taxonomy":"product_cat","embeddable":true,"href":"https:\/\/rieger-rennsport.de\/fr\/wp-json\/wp\/v2\/product_cat?post=892"},{"taxonomy":"product_tag","embeddable":true,"href":"https:\/\/rieger-rennsport.de\/fr\/wp-json\/wp\/v2\/product_tag?post=892"}],"curies":[{"name":"wp","href":"https:\/\/api.w.org\/{rel}","templated":true}]}}