{"id":90,"date":"2024-02-25T22:29:11","date_gmt":"2024-02-25T21:29:11","guid":{"rendered":"https:\/\/new.rieger-rennsport.de\/?post_type=product&#038;p=90"},"modified":"2026-03-03T10:36:59","modified_gmt":"2026-03-03T09:36:59","slug":"kombitrockner","status":"publish","type":"product","link":"https:\/\/rieger-rennsport.de\/fr\/produit\/kombitrockner\/","title":{"rendered":"S\u00e9choir combin\u00e9"},"content":{"rendered":"<p>S\u00e9choir combin\u00e9 cuir et textile avec fonction chaud\/froid<\/p>\n<p>Le s\u00e9choir combin\u00e9 a \u00e9t\u00e9 con\u00e7u pour s\u00e9cher rapidement par la chaleur les combinaisons en cuir des motocyclistes et les combinaisons en textile des automobilistes, pour les r\u00e9chauffer lorsque les temp\u00e9ratures sont plus fra\u00eeches et pour faciliter leur enfilage gr\u00e2ce \u00e0 un cuir plus souple.<br \/>\nL'appareil fonctionne sur 220\/230 volts via une fiche de raccordement UE.<\/p>\n<p>Le s\u00e8che-linge combin\u00e9 offre donc trois fonctions : Il s\u00e8che, r\u00e9chauffe et rafra\u00eechit. La partie sup\u00e9rieure est en plastique et l'arceau est fabriqu\u00e9 en m\u00e9tal solide, ce qui le rend extr\u00eamement r\u00e9sistant tout en \u00e9tant l\u00e9ger. Il a \u00e9t\u00e9 con\u00e7u pour am\u00e9liorer sensiblement le confort de l'utilisateur, quelles que soient les conditions climatiques et le nombre d'utilisations quotidiennes.<\/p>\n<p><strong>Plus de donn\u00e9es techniques<\/strong><\/p>\n<ul>\n<li><strong>D\u00e9bit volum\u00e9trique<\/strong>290 m3\/h ou 5000 l\/min<\/li>\n<li>Max.\u00a0<strong>Vitesse de rotation<\/strong>vitesse de rotation : 2.800 rpm<\/li>\n<li><strong>Direction du flux<\/strong>: 360\u00ba<\/li>\n<li><strong>Performance s\u00fbre optimis\u00e9e de l'\u00e9l\u00e9ment chauffant<\/strong>220 V - 640 W,<br \/>\nPossibilit\u00e9 de pics de puissance jusqu'\u00e0 1000 W<\/li>\n<li><strong>double thermostat certifi\u00e9 UL<\/strong>Interrupteurs redondants contr\u00f4l\u00e9s par la temp\u00e9rature \u00e0 32 \u00b0 C<\/li>\n<li><strong>Adaptateur de prise de courant<\/strong>220 V pour EU, USA, GB, CH et AU<\/li>\n<\/ul>","protected":false},"excerpt":{"rendered":"<p>Leder- und Textilkombitrockner mit warm- \/Kaltfunktion Der Kombitrockner wurde entwickelt, um die Lederkombis von Motorradfahrern und Textilkombis von Autofahrern schnell durch W\u00e4rme zu trocknen, bei k\u00fchleren Temperaturen zu erw\u00e4rmen und das Anziehen durch das geschmeidigere Leder zu erleichtern. Das Ger\u00e4t funktioniert \u00fcber einen EU-Anschlussstecker mit 220\/230 Volt. Der Kombitrockner bietet daher drei Funktionen: Er trocknet, [&hellip;]<\/p>\n","protected":false},"featured_media":129,"template":"","meta":{"_acf_changed":false},"product_brand":[],"product_cat":[24],"product_tag":[],"class_list":{"0":"post-90","1":"product","2":"type-product","3":"status-publish","4":"has-post-thumbnail","6":"product_cat-zubehoer","8":"first","9":"instock","10":"taxable","11":"shipping-taxable","12":"purchasable","13":"product-type-simple"},"acf":[],"_links":{"self":[{"href":"https:\/\/rieger-rennsport.de\/fr\/wp-json\/wp\/v2\/product\/90","targetHints":{"allow":["GET"]}}],"collection":[{"href":"https:\/\/rieger-rennsport.de\/fr\/wp-json\/wp\/v2\/product"}],"about":[{"href":"https:\/\/rieger-rennsport.de\/fr\/wp-json\/wp\/v2\/types\/product"}],"wp:featuredmedia":[{"embeddable":true,"href":"https:\/\/rieger-rennsport.de\/fr\/wp-json\/wp\/v2\/media\/129"}],"wp:attachment":[{"href":"https:\/\/rieger-rennsport.de\/fr\/wp-json\/wp\/v2\/media?parent=90"}],"wp:term":[{"taxonomy":"product_brand","embeddable":true,"href":"https:\/\/rieger-rennsport.de\/fr\/wp-json\/wp\/v2\/product_brand?post=90"},{"taxonomy":"product_cat","embeddable":true,"href":"https:\/\/rieger-rennsport.de\/fr\/wp-json\/wp\/v2\/product_cat?post=90"},{"taxonomy":"product_tag","embeddable":true,"href":"https:\/\/rieger-rennsport.de\/fr\/wp-json\/wp\/v2\/product_tag?post=90"}],"curies":[{"name":"wp","href":"https:\/\/api.w.org\/{rel}","templated":true}]}}