{"id":143,"date":"2024-02-25T22:36:56","date_gmt":"2024-02-25T21:36:56","guid":{"rendered":"https:\/\/new.rieger-rennsport.de\/agb\/"},"modified":"2024-05-23T11:06:14","modified_gmt":"2024-05-23T09:06:14","slug":"agb","status":"publish","type":"page","link":"https:\/\/rieger-rennsport.de\/it\/agb\/","title":{"rendered":"GTC"},"content":{"rendered":"<p>I seguenti termini e condizioni si applicano esclusivamente a tutte le nostre offerte, vendite e consegne con effetto immediato, anche se non vi si fa riferimento nei singoli casi. Effettuando un ordine, l'acquirente accetta i termini e le condizioni. Accordi diversi non sono validi. Inoltre, si applicano le condizioni della versione pi\u00f9 recente del Codice Civile tedesco (BGB).<br>Ordini e spedizioni<br>La spedizione viene effettuata a discrezione del venditore, ma senza garanzia per il trasporto pi\u00f9 economico. I danni da trasporto e le merci difettose delle consegne devono essere segnalati a noi e al servizio pacchi immediatamente, ma al pi\u00f9 tardi entro 1 settimana dal ricevimento della merce. Gli ammanchi vanno segnalati direttamente a noi. I clienti che rifiutano di accettare la merce ordinata o non la ritirano presso l'ufficio postale sono tenuti a sostenere i costi di elaborazione della spedizione e di rifornimento.<br>Informazioni sul diritto di recesso e istruzioni:<\/p>\n\n\n\n<p>Diritto di cancellazione<\/p>\n\n\n\n<p>Potete recedere dalla vostra dichiarazione contrattuale entro 14 giorni senza indicarne i motivi per iscritto (ad es. lettera, fax, e-mail) o - se la merce vi \u00e8 stata consegnata prima del termine - restituendo la merce. Il termine decorre dal ricevimento della presente istruzione in forma testuale, ma non prima del ricevimento della merce da parte del destinatario (in caso di consegne ricorrenti di merci simili non prima del ricevimento della prima consegna parziale) e nemmeno prima dell'adempimento dei nostri obblighi di informazione ai sensi dell'art. 246 \u00a7 2 in combinato disposto con il \u00a7 1 comma 1 e 2 EGBGB e dei nostri obblighi ai sensi del \u00a7 312e comma 1 frase 1 BGB in combinato disposto con l'art. 246 \u00a7 3 EGBGB. Per rispettare il termine di cancellazione \u00e8 sufficiente<br>l'invio tempestivo dell'annullamento o della merce. La cancellazione deve essere inviata a:<\/p>\n\n\n\n<p>Corse Rieger<br>Proprietario: Joshua Rieger<br>Holter Kreuz 49, 41069 M\u00f6nchengladbach<br>Email : support@rieger-rennsport.de<\/p>\n\n\n\n<p>Conseguenze della cancellazione<br>In caso di recesso effettivo, le prestazioni ricevute da entrambe le parti devono essere restituite e gli eventuali benefici ottenuti (ad es. interessi) devono essere ceduti. Se non siete in grado di restituire la merce ricevuta in toto o in parte o solo in condizioni deteriorate, potreste doverci risarcire il valore. Ci\u00f2 non vale per la restituzione della merce se il deterioramento della merce \u00e8 dovuto esclusivamente alla sua ispezione, come sarebbe stato possibile, ad esempio, in un negozio. Inoltre, \u00e8 possibile evitare l'obbligo di risarcimento per un deterioramento causato dall'uso previsto dell'articolo<br>non utilizzare l'articolo come se fosse di vostra propriet\u00e0 e astenersi da qualsiasi azione che possa comprometterne il valore. Gli articoli che possono essere inviati tramite pacco postale devono essere restituiti a nostro rischio. La restituzione \u00e8 gratuita per il cliente. Gli obblighi di rimborso dei pagamenti devono essere soddisfatti entro 30 giorni. Il termine inizia per il cliente con la spedizione della cancellazione o della merce, per noi con il ricevimento della stessa.<\/p>\n\n\n\n<p>Prezzi e pagamenti<br>I prezzi riportati sulla nostra homepage sono indicati franco magazzino in EURO e comprensivi dell'IVA applicabile, oltre a spese di spedizione e imballaggio. I prezzi sono soggetti a modifiche senza preavviso. L'imballaggio viene addebitato al prezzo di costo. A meno che non sia stata concordata per iscritto un'altra modalit\u00e0 di pagamento, l'importo della fattura sar\u00e0 addebitato senza alcuna detrazione alla consegna in contrassegno o in anticipo con pagamento anticipato. In ogni caso, tutta la merce rimane di propriet\u00e0 del venditore fino al completo pagamento.<\/p>\n\n\n\n<p>Dati tecnici e natura della merce<br>Sono riservate piccole differenze di forma, colore e funzione. Le descrizioni e le illustrazioni sono solo approssimative. Modifiche o miglioramenti nell'interesse del progresso tecnico possono essere apportati senza preavviso.<br>I danni causati da parti difettose fornite e da tempi di manodopera esterna non possono essere risarciti.<\/p>\n\n\n\n<p>Garanzia<br>Non siamo responsabili per il montaggio improprio, l'intenzionalit\u00e0, la grave negligenza o l'influenza esterna della merce consegnata. La responsabilit\u00e0 per i danni \u00e8 limitata ai danni tipici e prevedibili. Non ci assumiamo alcuna responsabilit\u00e0 per i danni conseguenti. I reclami per difetti evidenti saranno presi in considerazione solo se presentati per iscritto entro una settimana dal ricevimento della merce, dopo che la merce \u00e8 stata immediatamente ispezionata. I cambiamenti di modello e le piccole differenze di colore, nonch\u00e9 le modifiche tecniche che servono al progresso, non giustificano reclami. Non esiste alcuna garanzia sulle parti utilizzate nelle corse.<br>Garanzia. Le parti prive di certificato T\u00dcV o ABE (EG\/ABE) non sono autorizzate all'uso su strada.<\/p>\n\n\n\n<p>Misurazione delle conversioni con il pixel di azione del visitatore di Facebook<br>Con il vostro consenso, sul nostro sito web utilizziamo il \"pixel di azione del visitatore\" di Facebook Inc, 1601 S. California Ave, Palo Alto, CA 94304, USA (\"Facebook\"). Con il suo aiuto, possiamo tracciare le azioni degli utenti dopo che hanno visto o cliccato su una pubblicit\u00e0 di Facebook. Questo ci permette di registrare l'efficacia delle inserzioni di Facebook a fini statistici e di ricerca di mercato. I dati raccolti in questo modo sono per noi anonimi, cio\u00e8 non vediamo i dati personali dei singoli utenti. Tuttavia, questi dati vengono memorizzati ed elaborati da Facebook, e noi vi informeremo al meglio delle nostre conoscenze. Facebook pu\u00f2 collegare questi dati al vostro account Facebook e utilizzarli per i propri scopi pubblicitari in conformit\u00e0 con la politica di utilizzo dei dati di Facebook https:\/\/www.facebook.com\/about\/privacy\/. Potete consentire a Facebook e ai suoi partner di inserire annunci pubblicitari su Facebook e fuori da Facebook. A tal fine \u00e8 possibile che sul vostro computer venga memorizzato un cookie.<\/p>\n\n\n\n<p>Questo consenso pu\u00f2 essere dato solo da utenti di et\u00e0 superiore ai 13 anni. Se siete pi\u00f9 giovani, chiedete consiglio al vostro tutore legale.<\/p>\n\n\n\n<p>Obbligo di diligenza<br>L'acquirente si impegna a far registrare sui documenti del veicolo tutte le merci da noi ordinate, che costituiscono una modifica tecnica o una trasformazione di un veicolo che partecipa al traffico pubblico, in conformit\u00e0 alle disposizioni di legge. Sono esclusi tutti i diritti dell'acquirente o di terzi nei confronti del venditore derivanti da incidenti o danni di qualsiasi tipo.<\/p>\n\n\n\n<p>Luogo di adempimento e giurisdizione<br>Il luogo di adempimento e il foro competente per tutti i pagamenti e le controversie relative alla vendita di merci \u00e8 M\u00f6nchengladbach. L'eventuale invalidit\u00e0 di singole disposizioni non pregiudica la validit\u00e0 giuridica delle restanti disposizioni delle presenti CGV.<\/p>\n\n\n\n<p>Risoluzione alternativa delle controversie ai sensi dell'art. 14 (1) ODR-VO e del \u00a7 36 VSBG:<br>La Commissione europea mette a disposizione una piattaforma per la risoluzione delle controversie online (OS), che si trova all'indirizzo https:\/\/ec.europa.eu\/consumers\/odr. Non siamo obbligati o disposti a partecipare a una procedura di risoluzione delle controversie davanti a un collegio arbitrale dei consumatori.<\/p>","protected":false},"excerpt":{"rendered":"<p>Nachstehende Bedingungen gelten ausschlie\u00dflich, auch wenn im Einzelfall nicht darauf Bezug genommen wird, mit sofortiger Wirkung f\u00fcr alle unsere Angebote, Verk\u00e4ufe und Lieferungen. Mit Auftragserteilung erkl\u00e4rt sich der K\u00e4ufer mit den Bedingungen einverstanden. Abweichende Vereinbarungen sind nicht g\u00fcltig. Weiterhin gelten die Bedingungen des BGB in neuester Fassung.Bestellung und VersandDer Versand erfolgt nach besten Ermessen des [&hellip;]<\/p>\n","protected":false},"author":1,"featured_media":0,"parent":0,"menu_order":9,"comment_status":"closed","ping_status":"closed","template":"","meta":{"_acf_changed":false,"footnotes":""},"class_list":["post-143","page","type-page","status-publish","hentry"],"acf":[],"_links":{"self":[{"href":"https:\/\/rieger-rennsport.de\/it\/wp-json\/wp\/v2\/pages\/143","targetHints":{"allow":["GET"]}}],"collection":[{"href":"https:\/\/rieger-rennsport.de\/it\/wp-json\/wp\/v2\/pages"}],"about":[{"href":"https:\/\/rieger-rennsport.de\/it\/wp-json\/wp\/v2\/types\/page"}],"author":[{"embeddable":true,"href":"https:\/\/rieger-rennsport.de\/it\/wp-json\/wp\/v2\/users\/1"}],"replies":[{"embeddable":true,"href":"https:\/\/rieger-rennsport.de\/it\/wp-json\/wp\/v2\/comments?post=143"}],"version-history":[{"count":0,"href":"https:\/\/rieger-rennsport.de\/it\/wp-json\/wp\/v2\/pages\/143\/revisions"}],"wp:attachment":[{"href":"https:\/\/rieger-rennsport.de\/it\/wp-json\/wp\/v2\/media?parent=143"}],"curies":[{"name":"wp","href":"https:\/\/api.w.org\/{rel}","templated":true}]}}