{"id":78,"date":"2024-02-25T22:29:10","date_gmt":"2024-02-25T21:29:10","guid":{"rendered":"https:\/\/new.rieger-rennsport.de\/?post_type=product&#038;p=78"},"modified":"2026-03-02T08:53:22","modified_gmt":"2026-03-02T07:53:22","slug":"paddock-wizard-new-generation","status":"publish","type":"product","link":"https:\/\/rieger-rennsport.de\/it\/prodotto\/paddock-wizard-new-generation\/","title":{"rendered":"Mago del Paddock Nuova Generazione"},"content":{"rendered":"<p><strong>Paddock Wizard NEW GENERATION - L'arma definitiva nel paddock!<\/strong><\/p>\n<p>Capiamo il vostro problema: la vostra preziosa attrezzatura da corsa \u00e8 sparsa per il paddock: la tuta in pelle su un antiestetico muretto dei box, il casco su un tavolo traballante e i cerchioni accanto alla cassetta degli attrezzi. Ma questa \u00e8 storia! Paddock Wizard NEW GENERATION offre un rimedio e rivoluziona lo stoccaggio dell'attrezzatura.<\/p>\n<p><strong>I vantaggi in sintesi:<\/strong><\/p>\n<p><strong>Montaggio e smontaggio rapidi:\u00a0<\/strong>Grazie alla nostra innovativa tecnologia pieghevole, il Paddock Wizard NEW GENERATION \u00e8 pronto all'uso in pochi secondi. Che siate ciclisti per hobby o professionisti, risparmierete tempo prezioso.<\/p>\n<p><strong>Supporto per casco e guanti con ventola:<\/strong>\u00a0Il nostro portacasco \u00e8 dotato di un'efficiente ventola che fornisce aria fresca al casco e ai guanti con una portata d'aria di 790 litri al minuto. E anche aria riscaldata, se necessario!<\/p>\n<p><strong>Ottimizzazione dello spazio:<\/strong>\u00a0Niente pi\u00f9 mancanza di spazio! Su poco meno di un metro quadrato, il Paddock Wizard NEW GENERATION offre una sede stabile e organizzata per un massimo di 4 cerchi, la tuta in pelle, il casco, i guanti, le bombolette spray e il rotolo di carta. Sul vassoio di stoccaggio c'\u00e8 persino spazio per altri accessori, come il manometro degli pneumatici.<\/p>\n<p><strong>Visualizzazione dell'orologio e della temperatura:\u00a0<\/strong>Il nostro display integrato mostra sempre l'ora corrente, in modo da non perdere mai pi\u00f9 uno stint.<\/p>\n<p><strong>Prese di corrente:<\/strong>\u00a0La colonna principale ha un totale di 3 prese. Le prese inferiori possono essere accese e spente singolarmente, perfette per controllare i riscaldatori di pneumatici. La presa superiore rimane sempre alimentata, in modo da poter ricaricare facilmente il cellulare, ad esempio, o alimentare il nostro supporto combinato ventilato.<\/p>\n<p><strong>Durevole e certificato:<\/strong>\u00a0La struttura robusta e la verniciatura a polvere di alta qualit\u00e0 rendono il Paddock Wizard NEW GENERATION un compagno di lunga durata. Il nostro impianto elettrico \u00e8 stato sottoposto a test approfonditi dall'Agenzia Federale della Rete a Dortmund nel 2018.<\/p>\n<p><strong>Risparmio di tempo:<\/strong>\u00a0Niente pi\u00f9 ricerche interminabili! Tutto \u00e8 a portata di mano dalla vostra moto. Anche se dimenticate di pulire la visiera e siete gi\u00e0 in moto, avete tutto a portata di mano.<\/p>\n<p>Semplificate la vostra vita di piloti e assicuratevi che il vostro equipaggiamento sia conservato in modo professionale e sicuro. Con Paddock Wizard NEW GENERATION, potrete creare pi\u00f9 spazio e organizzazione nel paddock in modo da potervi concentrare su ci\u00f2 che conta davvero: guidare!<\/p>\n<p>Siete pronti a ottimizzare le vostre prestazioni? Ordinate subito il vostro Paddock Wizard NEW GENERATION e sperimentate la soluzione innovativa che cambier\u00e0 la vostra vita nelle corse.<\/p>\n<p>Avete domande o bisogno di ulteriori informazioni? Contattateci: siamo sempre a vostra disposizione!<\/p>","protected":false},"excerpt":{"rendered":"<h2>Il mago del paddock<\/h2>\n<p>L'aiutante pratico di cui nessuna pista dovrebbe fare a meno.<\/p>\n<p>Di seguito potete trovare maggiori dettagli sul prodotto e sul suo design.<\/p>","protected":false},"featured_media":1111,"template":"","meta":{"_acf_changed":false},"product_brand":[],"product_cat":[21],"product_tag":[],"class_list":{"0":"post-78","1":"product","2":"type-product","3":"status-publish","4":"has-post-thumbnail","6":"product_cat-paddock-wizards","8":"first","9":"instock","10":"sale","11":"taxable","12":"shipping-taxable","13":"purchasable","14":"product-type-variable","15":"has-default-attributes","16":"rtwpvg-product"},"acf":[],"_links":{"self":[{"href":"https:\/\/rieger-rennsport.de\/it\/wp-json\/wp\/v2\/product\/78","targetHints":{"allow":["GET"]}}],"collection":[{"href":"https:\/\/rieger-rennsport.de\/it\/wp-json\/wp\/v2\/product"}],"about":[{"href":"https:\/\/rieger-rennsport.de\/it\/wp-json\/wp\/v2\/types\/product"}],"wp:featuredmedia":[{"embeddable":true,"href":"https:\/\/rieger-rennsport.de\/it\/wp-json\/wp\/v2\/media\/1111"}],"wp:attachment":[{"href":"https:\/\/rieger-rennsport.de\/it\/wp-json\/wp\/v2\/media?parent=78"}],"wp:term":[{"taxonomy":"product_brand","embeddable":true,"href":"https:\/\/rieger-rennsport.de\/it\/wp-json\/wp\/v2\/product_brand?post=78"},{"taxonomy":"product_cat","embeddable":true,"href":"https:\/\/rieger-rennsport.de\/it\/wp-json\/wp\/v2\/product_cat?post=78"},{"taxonomy":"product_tag","embeddable":true,"href":"https:\/\/rieger-rennsport.de\/it\/wp-json\/wp\/v2\/product_tag?post=78"}],"curies":[{"name":"wp","href":"https:\/\/api.w.org\/{rel}","templated":true}]}}