{"id":79,"date":"2024-02-25T22:29:10","date_gmt":"2024-02-25T21:29:10","guid":{"rendered":"https:\/\/new.rieger-rennsport.de\/?post_type=product&#038;p=79"},"modified":"2026-02-02T12:53:15","modified_gmt":"2026-02-02T11:53:15","slug":"garage-wizard","status":"publish","type":"product","link":"https:\/\/rieger-rennsport.de\/it\/prodotto\/garage-wizard\/","title":{"rendered":"Mago del garage"},"content":{"rendered":"<div class=\"row\">\n<p>Che si tratti di strada o di cross, di moto o di bicicletta, il nostro Garage Wizard \u00e8 un vero e proprio tuttofare nel settore delle due ruote e dichiara guerra al caos.<\/p>\n<p>Nessun altro prodotto fornisce al conducente l'equipaggiamento di cui ha bisogno prima o dopo la corsa.<\/p>\n<ul>\n<li>Portacasco<\/li>\n<li>Supporto combinato<\/li>\n<li>Supporto per rotolo di carta<\/li>\n<li>Supporto per bomboletta spray<\/li>\n<li>Ripiano per tablet<\/li>\n<li>Portabagagli<\/li>\n<\/ul>\n<p>Dove si appendono i vestiti bagnati?<\/p>\n<p>Il Garage Wizard \u00e8 realizzato in modo molto robusto e con un'elaborata verniciatura a polvere che lo rende un compagno di vita.<\/p>\n<p>Grazie a semplici viti ad alette e connessioni a innesto, il Garage Wizard pu\u00f2 essere completamente smontato in un minuto, rendendolo un utile compagno non solo in garage ma anche in pista.<\/p>\n<\/div>","protected":false},"excerpt":{"rendered":"<p>Ganz egal ob Stra\u00dfe oder Cross, Motorrad oder Fahrrad, unser Garage Wizard ist ein wahrer Allesk\u00f6nner im Zweiradbereich und sagt dem Chaos den Kampf an. Kein anderes Produkt stellt dem Fahrer das kurz vor oder nach der Ausfahrt ben\u00f6tigte Equipment besser zur Verf\u00fcgung. Helmhalter Kombihalter Papierrollenhalter Spraydosenhalter Ablage Tablet Stiefelablage Wo h\u00e4ngst du noch gleich [&hellip;]<\/p>\n","protected":false},"featured_media":105,"template":"","meta":{"_acf_changed":false},"product_brand":[],"product_cat":[22],"product_tag":[],"class_list":{"0":"post-79","1":"product","2":"type-product","3":"status-publish","4":"has-post-thumbnail","6":"product_cat-garage-wizard","8":"first","9":"outofstock","10":"taxable","11":"shipping-taxable","12":"purchasable","13":"product-type-variable","14":"has-default-attributes","15":"rtwpvg-product"},"acf":[],"_links":{"self":[{"href":"https:\/\/rieger-rennsport.de\/it\/wp-json\/wp\/v2\/product\/79","targetHints":{"allow":["GET"]}}],"collection":[{"href":"https:\/\/rieger-rennsport.de\/it\/wp-json\/wp\/v2\/product"}],"about":[{"href":"https:\/\/rieger-rennsport.de\/it\/wp-json\/wp\/v2\/types\/product"}],"wp:featuredmedia":[{"embeddable":true,"href":"https:\/\/rieger-rennsport.de\/it\/wp-json\/wp\/v2\/media\/105"}],"wp:attachment":[{"href":"https:\/\/rieger-rennsport.de\/it\/wp-json\/wp\/v2\/media?parent=79"}],"wp:term":[{"taxonomy":"product_brand","embeddable":true,"href":"https:\/\/rieger-rennsport.de\/it\/wp-json\/wp\/v2\/product_brand?post=79"},{"taxonomy":"product_cat","embeddable":true,"href":"https:\/\/rieger-rennsport.de\/it\/wp-json\/wp\/v2\/product_cat?post=79"},{"taxonomy":"product_tag","embeddable":true,"href":"https:\/\/rieger-rennsport.de\/it\/wp-json\/wp\/v2\/product_tag?post=79"}],"curies":[{"name":"wp","href":"https:\/\/api.w.org\/{rel}","templated":true}]}}