{"id":90,"date":"2024-02-25T22:29:11","date_gmt":"2024-02-25T21:29:11","guid":{"rendered":"https:\/\/new.rieger-rennsport.de\/?post_type=product&#038;p=90"},"modified":"2026-03-03T10:36:59","modified_gmt":"2026-03-03T09:36:59","slug":"kombitrockner","status":"publish","type":"product","link":"https:\/\/rieger-rennsport.de\/it\/prodotto\/kombitrockner\/","title":{"rendered":"Asciugatrice combinata"},"content":{"rendered":"<p>Asciugatrice combinata per pelle e tessuto con funzione caldo\/freddo<\/p>\n<p>L'asciugatrice combinata \u00e8 stata sviluppata per asciugare rapidamente con il calore le tute in pelle dei motociclisti e le tute in tessuto degli automobilisti, per riscaldarle a temperature pi\u00f9 basse e per renderle pi\u00f9 facili da indossare grazie alla pelle pi\u00f9 morbida.<br \/>\nL'apparecchio funziona tramite una spina UE a 220\/230 volt.<\/p>\n<p>L'asciugatrice combinata offre quindi tre funzioni: Asciuga, riscalda e raffredda. La parte superiore \u00e8 in plastica e il gancio \u00e8 in metallo robusto, il che lo rende estremamente resistente e leggero allo stesso tempo. \u00c8 stato sviluppato per migliorare sensibilmente il comfort del motociclista, indipendentemente dalle condizioni climatiche e dal numero di utilizzi quotidiani.<\/p>\n<p><strong>Ulteriori dati tecnici<\/strong><\/p>\n<ul>\n<li><strong>Flusso di volume<\/strong>290 m3\/h o 5000 l\/min<\/li>\n<li>Max.\u00a0<strong>Velocit\u00e0<\/strong>: 2.800 giri\/minuto<\/li>\n<li><strong>Direzione del flusso<\/strong>: 360\u00ba<\/li>\n<li><strong>Prestazioni ottimizzate dell'elemento riscaldante sicuro<\/strong>: 220 V - 640 W,<br \/>\nPossibilit\u00e0 di picchi di potenza fino a 1000 W<\/li>\n<li><strong>Termostato doppio certificato UL<\/strong>Interruttori ridondanti a temperatura controllata a 32 \u00b0C<\/li>\n<li><strong>Adattatore per presa di corrente<\/strong>220 V per UE, USA, GB, CH e AU<\/li>\n<\/ul>","protected":false},"excerpt":{"rendered":"<p>Leder- und Textilkombitrockner mit warm- \/Kaltfunktion Der Kombitrockner wurde entwickelt, um die Lederkombis von Motorradfahrern und Textilkombis von Autofahrern schnell durch W\u00e4rme zu trocknen, bei k\u00fchleren Temperaturen zu erw\u00e4rmen und das Anziehen durch das geschmeidigere Leder zu erleichtern. Das Ger\u00e4t funktioniert \u00fcber einen EU-Anschlussstecker mit 220\/230 Volt. Der Kombitrockner bietet daher drei Funktionen: Er trocknet, [&hellip;]<\/p>\n","protected":false},"featured_media":129,"template":"","meta":{"_acf_changed":false},"product_brand":[],"product_cat":[24],"product_tag":[],"class_list":{"0":"post-90","1":"product","2":"type-product","3":"status-publish","4":"has-post-thumbnail","6":"product_cat-zubehoer","8":"first","9":"instock","10":"taxable","11":"shipping-taxable","12":"purchasable","13":"product-type-simple"},"acf":[],"_links":{"self":[{"href":"https:\/\/rieger-rennsport.de\/it\/wp-json\/wp\/v2\/product\/90","targetHints":{"allow":["GET"]}}],"collection":[{"href":"https:\/\/rieger-rennsport.de\/it\/wp-json\/wp\/v2\/product"}],"about":[{"href":"https:\/\/rieger-rennsport.de\/it\/wp-json\/wp\/v2\/types\/product"}],"wp:featuredmedia":[{"embeddable":true,"href":"https:\/\/rieger-rennsport.de\/it\/wp-json\/wp\/v2\/media\/129"}],"wp:attachment":[{"href":"https:\/\/rieger-rennsport.de\/it\/wp-json\/wp\/v2\/media?parent=90"}],"wp:term":[{"taxonomy":"product_brand","embeddable":true,"href":"https:\/\/rieger-rennsport.de\/it\/wp-json\/wp\/v2\/product_brand?post=90"},{"taxonomy":"product_cat","embeddable":true,"href":"https:\/\/rieger-rennsport.de\/it\/wp-json\/wp\/v2\/product_cat?post=90"},{"taxonomy":"product_tag","embeddable":true,"href":"https:\/\/rieger-rennsport.de\/it\/wp-json\/wp\/v2\/product_tag?post=90"}],"curies":[{"name":"wp","href":"https:\/\/api.w.org\/{rel}","templated":true}]}}